{"id":1971,"date":"2019-09-05T22:57:03","date_gmt":"2019-09-05T22:57:03","guid":{"rendered":"http:\/\/hotel-school.eu\/?page_id=1971"},"modified":"2020-05-15T13:38:21","modified_gmt":"2020-05-15T13:38:21","slug":"o-skole","status":"publish","type":"page","link":"https:\/\/hotel-school.eu\/wp-index.php\/o-skole\/","title":{"rendered":"O n\u00e1s"},"content":{"rendered":"<p><div class=\"fusion-fullwidth fullwidth-box fusion-builder-row-1 nonhundred-percent-fullwidth non-hundred-percent-height-scrolling\" style=\"background-color: rgba(255,255,255,0);background-position: center center;background-repeat: no-repeat;padding-top:0px;padding-right:0px;padding-bottom:0px;padding-left:0px;margin-bottom: 0px;margin-top: 0px;border-width: 0px 0px 0px 0px;border-color:#e7e4e2;border-style:solid;\" ><div class=\"fusion-builder-row fusion-row\"><div class=\"fusion-layout-column fusion_builder_column fusion-builder-column-0 fusion_builder_column_2_3 2_3 fusion-two-third fusion-column-first\" style=\"width:66.666666666667%;width:calc(66.666666666667% - ( ( 4% ) * 0.66666666666667 ) );margin-right: 4%;margin-top:10px;margin-bottom:10px;\"><div class=\"fusion-column-wrapper fusion-flex-column-wrapper-legacy\" style=\"background-position:left top;background-repeat:no-repeat;-webkit-background-size:cover;-moz-background-size:cover;-o-background-size:cover;background-size:cover;padding: 0px 0px 0px 0px;\"><div class=\"fusion-text fusion-text-1\"><p style=\"text-align: justify; font-size: 16px;\" data-fusion-font=\"true\">Hotelov\u00e1 \u0161kola Mari\u00e1nsk\u00e9 L\u00e1zn\u011b pat\u0159\u00ed mezi nejstar\u0161\u00ed a nejv\u00fdznamn\u011bj\u0161\u00ed vzd\u011bl\u00e1vac\u00ed centra hotelov\u00e9ho pr\u016fmyslu v evropsk\u00e9m m\u011b\u0159\u00edtku. Jako \u010dlen Asociace evropsk\u00fdch hotelov\u00fdch \u0161kol (AEHT) v\u00fdznamn\u011b p\u0159isp\u00edv\u00e1 k inovaci vyu\u010dovac\u00edch metod a aplikaci nov\u00fdch trend\u016f v oblasti gastronomie a slu\u017eeb.<\/p>\n<\/div><ul class=\"fusion-checklist fusion-checklist-1\" style=\"font-size:14px;line-height:23.8px;\"><li style=\"background-color:rgba(255,255,255,0);\" class=\"fusion-li-item\"><span style=\"height:23.8px;width:23.8px;margin-right:9.8px;\" class=\"icon-wrapper circle-no\"><i class=\"fusion-li-icon awb-icon-check\" style=\"color:#f09a3e;\" aria-hidden=\"true\"><\/i><\/span><div class=\"fusion-li-item-content\" style=\"margin-left:33.6px;color:#7e8890;\">\n<p data-fusion-font=\"true\" style=\"font-size: 16px;\"><b>Hotelnictv\u00ed a turismus \u2013 4-let\u00fd s maturitou  (65-42-M\/01)<\/b><\/p>\n<\/div><\/li><li style=\"background-color:rgba(255,255,255,0);\" class=\"fusion-li-item\"><span style=\"height:23.8px;width:23.8px;margin-right:9.8px;\" class=\"icon-wrapper circle-no\"><i class=\"fusion-li-icon awb-icon-check\" style=\"color:#f09a3e;\" aria-hidden=\"true\"><\/i><\/span><div class=\"fusion-li-item-content\" style=\"margin-left:33.6px;color:#7e8890;\">\n<p><b data-fusion-font=\"true\" style=\"font-size: 16px;\">Kucha\u0159 \u2013 3-let\u00fd s v\u00fdu\u010dn\u00edm listem (65-51-H\/01)<\/b><\/p>\n<\/div><\/li><li style=\"background-color:rgba(255,255,255,0);\" class=\"fusion-li-item\"><span style=\"height:23.8px;width:23.8px;margin-right:9.8px;\" class=\"icon-wrapper circle-no\"><i class=\"fusion-li-icon awb-icon-check\" style=\"color:#f09a3e;\" aria-hidden=\"true\"><\/i><\/span><div class=\"fusion-li-item-content\" style=\"margin-left:33.6px;color:#7e8890;\">\n<p><b data-fusion-font=\"true\" style=\"font-size: 16px;\">\u010c\u00ed\u0161n\u00edk, serv\u00edrka \u2013 3-let\u00fd s v\u00fdu\u010dn\u00edm listem (65-51-H\/01)<\/b><\/p>\n<\/div><\/li><li style=\"background-color:rgba(255,255,255,0);\" class=\"fusion-li-item\"><span style=\"height:23.8px;width:23.8px;margin-right:9.8px;\" class=\"icon-wrapper circle-no\"><i class=\"fusion-li-icon awb-icon-check\" style=\"color:#f09a3e;\" aria-hidden=\"true\"><\/i><\/span><div class=\"fusion-li-item-content\" style=\"margin-left:33.6px;color:#7e8890;\">\n<p data-fusion-font=\"true\" style=\"font-size: 16px;\"><b>Gastronomie \u2013 2-let\u00fd n\u00e1stavbov\u00fd s maturitou (65-41-L\/51)<\/b><\/p>\n<\/div><\/li><\/ul><div class=\"fusion-clearfix\"><\/div><\/div><\/div><div class=\"fusion-layout-column fusion_builder_column fusion-builder-column-1 fusion_builder_column_1_3 1_3 fusion-one-third fusion-column-last\" style=\"width:33.333333333333%;width:calc(33.333333333333% - ( ( 4% ) * 0.33333333333333 ) );margin-top:10px;margin-bottom:10px;\"><div class=\"fusion-column-wrapper fusion-flex-column-wrapper-legacy\" style=\"background-position:left top;background-repeat:no-repeat;-webkit-background-size:cover;-moz-background-size:cover;-o-background-size:cover;background-size:cover;padding: 0px 0px 0px 0px;\"><span class=\" fusion-imageframe imageframe-dropshadow imageframe-1 hover-type-zoomin\" style=\"-webkit-box-shadow: 10px 10px 14px rgba(51,60,78,0.3);box-shadow: 10px 10px 14px rgba(51,60,78,0.3);\"><img decoding=\"async\" width=\"640\" height=\"426\" title=\"blur-chef-close-up-262978\" src=\"http:\/\/hotel-school.eu\/wp-content\/uploads\/2019\/09\/blur-chef-close-up-262978.jpg\" alt class=\"img-responsive wp-image-2016\" srcset=\"https:\/\/hotel-school.eu\/wp-content\/uploads\/2019\/09\/blur-chef-close-up-262978-200x133.jpg 200w, https:\/\/hotel-school.eu\/wp-content\/uploads\/2019\/09\/blur-chef-close-up-262978-400x266.jpg 400w, https:\/\/hotel-school.eu\/wp-content\/uploads\/2019\/09\/blur-chef-close-up-262978-600x399.jpg 600w, https:\/\/hotel-school.eu\/wp-content\/uploads\/2019\/09\/blur-chef-close-up-262978.jpg 640w\" sizes=\"(max-width: 800px) 100vw, 600px\" \/><\/span><div class=\"fusion-clearfix\"><\/div><\/div><\/div><\/div><\/div><div class=\"fusion-fullwidth fullwidth-box fusion-builder-row-2 hundred-percent-fullwidth non-hundred-percent-height-scrolling\" style=\"background-color: #f7f5f4;background-position: center center;background-repeat: no-repeat;padding-top:0px;padding-right:0px;padding-bottom:0px;padding-left:0px;margin-bottom: 0px;margin-top: 0px;border-width: 0px 0px 0px 0px;border-color:#e7e4e2;border-style:solid;\" ><div class=\"fusion-builder-row fusion-row\"><div class=\"fusion-layout-column fusion_builder_column fusion-builder-column-2 fusion_builder_column_1_1 1_1 fusion-one-full fusion-column-first fusion-column-last fusion-column-no-min-height\" style=\"margin-top:0px;margin-bottom:20px;\"><div class=\"fusion-column-wrapper fusion-flex-column-wrapper-legacy\" style=\"background-position:left top;background-repeat:no-repeat;-webkit-background-size:cover;-moz-background-size:cover;-o-background-size:cover;background-size:cover;padding: 0px 0px 0px 0px;\"><div class=\"fusion-section-separator section-separator bigtriangle fusion-section-separator-1\"><div class=\"fusion-section-separator-svg\" style=\"padding:0;margin-left: 0px;margin-right: 0px;\"><svg class=\"fusion-big-triangle-candy\" xmlns=\"http:\/\/www.w3.org\/2000\/svg\" version=\"1.1\" width=\"100%\" height=\"100\" viewBox=\"0 0 100 100\" preserveAspectRatio=\"none\" style=\"padding:0;\" fill=\"rgba(255,255,255,1)\"><path d=\"M-1 -1 L50 99 L101 -1 Z\"><\/path><\/svg><\/div><div class=\"fusion-section-separator-spacer\"><div class=\"fusion-section-separator-spacer-height\" style=\"height:99px;\"><\/div><\/div><\/div><div class=\"fusion-clearfix\"><\/div><\/div><\/div><\/div><\/div><div class=\"fusion-fullwidth fullwidth-box fusion-builder-row-3 nonhundred-percent-fullwidth non-hundred-percent-height-scrolling\" style=\"background-color: #f7f5f4;background-position: center center;background-repeat: no-repeat;padding-top:0px;padding-right:20px;padding-bottom:0px;padding-left:20px;margin-bottom: 0px;margin-top: 0px;border-width: 0px 0px 0px 0px;border-color:#e7e4e2;border-style:solid;\" ><div class=\"fusion-builder-row fusion-row\"><div class=\"fusion-layout-column fusion_builder_column fusion-builder-column-3 fusion_builder_column_1_1 1_1 fusion-one-full fusion-column-first fusion-column-last\" style=\"margin-top:10px;margin-bottom:10px;\"><div class=\"fusion-column-wrapper fusion-flex-column-wrapper-legacy\" style=\"background-position:left top;background-repeat:no-repeat;-webkit-background-size:cover;-moz-background-size:cover;-o-background-size:cover;background-size:cover;padding: 0px 0px 0px 0px;\"><div class=\"fusion-text fusion-text-2\"><p style=\"text-align: justify;\"><span data-fusion-font=\"true\" style=\"font-size: 16px;\">\u017d\u00e1ci \u0161koly se vyu\u010duj\u00ed podle schv\u00e1len\u00fdch \u0161koln\u00edch vzd\u011bl\u00e1vac\u00edch program\u016f, kter\u00e9 obsahuj\u00ed v\u0161eobecn\u011b vzd\u011bl\u00e1vac\u00ed p\u0159edm\u011bty a odborn\u00e9 p\u0159edm\u011bty v\u010detn\u011b u\u010debn\u00ed praxe. <\/span><span style=\"background-color: rgba(255, 255, 255, 0); color: var(--body_typography-color); font-family: var(--body_typography-font-family); font-size: 16px; font-style: var(--body_typography-font-style,normal); font-weight: var(--body_typography-font-weight); letter-spacing: var(--body_typography-letter-spacing);\" data-fusion-font=\"true\">Zku\u0161en\u00fd t\u00fdm  pedagog\u016f dosahuje se sv\u00fdmi \u017e\u00e1ky \u0159adu let velmi dobr\u00fdch v\u00fdsledk\u016f u maturitn\u00edch i z\u00e1v\u011bre\u010dn\u00fdch u\u010d\u0148ovsk\u00fdch zkou\u0161ek.<\/span><\/p>\n<p style=\"text-align: justify;\"><span data-fusion-font=\"true\" style=\"font-size: 16px;\">V pr\u016fb\u011bhu studia \u017e\u00e1ci absolvuj\u00ed sv\u00e9 odborn\u00e9 pr\u00e1zdninov\u00e9 praxe ve vybran\u00fdch gastronomick\u00fdch st\u0159edisc\u00edch doma i v zahrani\u010d\u00ed (Francie, N\u011bmecko, \u0158ecko, Japonsko). <\/span><span style=\"background-color: rgba(255, 255, 255, 0); color: var(--body_typography-color); font-family: var(--body_typography-font-family); font-size: 16px; font-style: var(--body_typography-font-style,normal); font-weight: var(--body_typography-font-weight); letter-spacing: var(--body_typography-letter-spacing);\" data-fusion-font=\"true\">Znalosti z\u00edskan\u00e9 teoretickou a praktickou v\u00fdukou \u017e\u00e1ci vyu\u017e\u00edvaj\u00ed p\u0159i odborn\u00fdch sout\u011b\u017e\u00edch v oborech \u010d\u00ed\u0161n\u00edk, barman, kucha\u0159, sommelier a barista. Dosahuj\u00ed v\u017edy vynikaj\u00edc\u00edch v\u00fdsledk\u016f na \u00farovni region\u00e1ln\u00ed, celorepublikov\u00e9 a mezin\u00e1rodn\u00ed. <\/span><span style=\"background-color: rgba(255, 255, 255, 0); color: var(--body_typography-color); font-family: var(--body_typography-font-family); font-size: var(--body_typography-font-size); font-style: var(--body_typography-font-style,normal); font-weight: var(--body_typography-font-weight); letter-spacing: var(--body_typography-letter-spacing);\"><span data-fusion-font=\"true\" style=\"font-size: 16px;\">Hotelov\u00e1 \u0161kola Mari\u00e1nsk\u00e9 L\u00e1zn\u011b je velmi dob\u0159e vybavena pro teoretickou i odbornou v\u00fduku.<\/span> <\/span><\/p>\n<\/div><div class=\"fusion-clearfix\"><\/div><\/div><\/div><div class=\"fusion-layout-column fusion_builder_column fusion-builder-column-4 fusion_builder_column_1_3 1_3 fusion-one-third fusion-column-first\" style=\"width:33.333333333333%;width:calc(33.333333333333% - ( ( 4% ) * 0.33333333333333 ) );margin-right: 4%;margin-top:10px;margin-bottom:10px;\"><div class=\"fusion-column-wrapper fusion-flex-column-wrapper-legacy\" style=\"background-position:left top;background-repeat:no-repeat;-webkit-background-size:cover;-moz-background-size:cover;-o-background-size:cover;background-size:cover;padding: 0px 0px 0px 0px;\"><span class=\" fusion-imageframe imageframe-none imageframe-2 hover-type-none\"><img decoding=\"async\" width=\"640\" height=\"960\" title=\"bowls-container-cuisine-2566040\" src=\"http:\/\/hotel-school.eu\/wp-content\/uploads\/2019\/09\/bowls-container-cuisine-2566040.jpg\" alt class=\"img-responsive wp-image-2024\" srcset=\"https:\/\/hotel-school.eu\/wp-content\/uploads\/2019\/09\/bowls-container-cuisine-2566040-200x300.jpg 200w, https:\/\/hotel-school.eu\/wp-content\/uploads\/2019\/09\/bowls-container-cuisine-2566040-400x600.jpg 400w, https:\/\/hotel-school.eu\/wp-content\/uploads\/2019\/09\/bowls-container-cuisine-2566040-600x900.jpg 600w, https:\/\/hotel-school.eu\/wp-content\/uploads\/2019\/09\/bowls-container-cuisine-2566040.jpg 640w\" sizes=\"(max-width: 800px) 100vw, 600px\" \/><\/span><div class=\"fusion-clearfix\"><\/div><\/div><\/div><div class=\"fusion-layout-column fusion_builder_column fusion-builder-column-5 fusion_builder_column_2_3 2_3 fusion-two-third fusion-column-last\" style=\"width:66.666666666667%;width:calc(66.666666666667% - ( ( 4% ) * 0.66666666666667 ) );margin-top:10px;margin-bottom:10px;\"><div class=\"fusion-column-wrapper fusion-flex-column-wrapper-legacy\" style=\"background-position:left top;background-repeat:no-repeat;-webkit-background-size:cover;-moz-background-size:cover;-o-background-size:cover;background-size:cover;padding: 0px 0px 0px 0px;\"><ul class=\"fusion-checklist fusion-checklist-2 fusion-checklist-divider\" style=\"font-size:14px;line-height:23.8px;\"><li style=\"border-bottom-color:#e7e4e2;background-color:rgba(255,255,255,0);\" class=\"fusion-li-item\"><span style=\"height:23.8px;width:23.8px;margin-right:9.8px;\" class=\"icon-wrapper circle-no\"><i class=\"fusion-li-icon awb-icon-check\" style=\"color:#f09a3e;\" aria-hidden=\"true\"><\/i><\/span><div class=\"fusion-li-item-content\" style=\"margin-left:33.6px;color:#7e8890;\">\n<p><strong data-fusion-font=\"true\" style=\"font-size: 16px;\">\u0160kola disponuje:<\/strong><\/p>\n<\/div><\/li><li style=\"border-bottom-color:#e7e4e2;background-color:rgba(255,255,255,0);\" class=\"fusion-li-item\"><span style=\"height:23.8px;width:23.8px;margin-right:9.8px;\" class=\"icon-wrapper circle-no\"><i class=\"fusion-li-icon awb-icon-check\" style=\"color:#f09a3e;\" aria-hidden=\"true\"><\/i><\/span><div class=\"fusion-li-item-content\" style=\"margin-left:33.6px;color:#7e8890;\">\n<p>5 modern\u00edmi kuchyn\u011bmi s v\u00fdrobn\u00ed kapacitou 1100 j\u00eddel denn\u011b<\/p>\n<\/div><\/li><li style=\"border-bottom-color:#e7e4e2;background-color:rgba(255,255,255,0);\" class=\"fusion-li-item\"><span style=\"height:23.8px;width:23.8px;margin-right:9.8px;\" class=\"icon-wrapper circle-no\"><i class=\"fusion-li-icon awb-icon-check\" style=\"color:#f09a3e;\" aria-hidden=\"true\"><\/i><\/span><div class=\"fusion-li-item-content\" style=\"margin-left:33.6px;color:#7e8890;\">\n<p>2 restauracemi s kapacitou 180 m\u00edst<\/p>\n<\/div><\/li><li style=\"border-bottom-color:#e7e4e2;background-color:rgba(255,255,255,0);\" class=\"fusion-li-item\"><span style=\"height:23.8px;width:23.8px;margin-right:9.8px;\" class=\"icon-wrapper circle-no\"><i class=\"fusion-li-icon awb-icon-check\" style=\"color:#f09a3e;\" aria-hidden=\"true\"><\/i><\/span><div class=\"fusion-li-item-content\" style=\"margin-left:33.6px;color:#7e8890;\">\n<p>2 salonky s kapacitou 30 m\u00edst<\/p>\n<\/div><\/li><li style=\"border-bottom-color:#e7e4e2;background-color:rgba(255,255,255,0);\" class=\"fusion-li-item\"><span style=\"height:23.8px;width:23.8px;margin-right:9.8px;\" class=\"icon-wrapper circle-no\"><i class=\"fusion-li-icon awb-icon-check\" style=\"color:#f09a3e;\" aria-hidden=\"true\"><\/i><\/span><div class=\"fusion-li-item-content\" style=\"margin-left:33.6px;color:#7e8890;\">\n<p>stylov\u00fdm vinn\u00fdm skl\u00edpkem s kapacitou 30 m\u00edst<\/p>\n<\/div><\/li><li style=\"border-bottom-color:#e7e4e2;background-color:rgba(255,255,255,0);\" class=\"fusion-li-item\"><span style=\"height:23.8px;width:23.8px;margin-right:9.8px;\" class=\"icon-wrapper circle-no\"><i class=\"fusion-li-icon awb-icon-check\" style=\"color:#f09a3e;\" aria-hidden=\"true\"><\/i><\/span><div class=\"fusion-li-item-content\" style=\"margin-left:33.6px;color:#7e8890;\">\n<p>st\u0159ediskem rychl\u00e9ho ob\u010derstven\u00ed<\/p>\n<\/div><\/li><li style=\"border-bottom-color:#e7e4e2;background-color:rgba(255,255,255,0);\" class=\"fusion-li-item\"><span style=\"height:23.8px;width:23.8px;margin-right:9.8px;\" class=\"icon-wrapper circle-no\"><i class=\"fusion-li-icon awb-icon-check\" style=\"color:#f09a3e;\" aria-hidden=\"true\"><\/i><\/span><div class=\"fusion-li-item-content\" style=\"margin-left:33.6px;color:#7e8890;\">\n<p>4 u\u010debnami pro v\u00fduku pr\u00e1ce na PC.<\/p>\n<\/div><\/li><\/ul><div class=\"fusion-text fusion-text-3\"><p><b data-fusion-font=\"true\" style=\"font-size: 19px;\"><br \/><\/b><\/p>\n<p><b data-fusion-font=\"true\" style=\"font-size: 19px;\"><i>\u0160kola je hrd\u00e1 na tradice a \u00fasp\u011bchy, kter\u00fdch za dobu sv\u00e9 \u010dinnosti dos\u00e1hla. Absolventi \u0161koly zast\u00e1vaj\u00ed v\u00fdznamn\u00e1 postaven\u00ed v hotelech a gastronomick\u00fdch za\u0159\u00edzen\u00edch u n\u00e1s i ve sv\u011bt\u011b.<\/i><\/b><\/p>\n<\/div><div class=\"fusion-clearfix\"><\/div><\/div><\/div><\/div><\/div><\/p>\n","protected":false},"excerpt":{"rendered":"","protected":false},"author":1,"featured_media":0,"parent":0,"menu_order":0,"comment_status":"closed","ping_status":"closed","template":"","meta":{"footnotes":""},"class_list":["post-1971","page","type-page","status-publish","hentry"],"_links":{"self":[{"href":"https:\/\/hotel-school.eu\/wp-index.php\/wp-json\/wp\/v2\/pages\/1971","targetHints":{"allow":["GET"]}}],"collection":[{"href":"https:\/\/hotel-school.eu\/wp-index.php\/wp-json\/wp\/v2\/pages"}],"about":[{"href":"https:\/\/hotel-school.eu\/wp-index.php\/wp-json\/wp\/v2\/types\/page"}],"author":[{"embeddable":true,"href":"https:\/\/hotel-school.eu\/wp-index.php\/wp-json\/wp\/v2\/users\/1"}],"replies":[{"embeddable":true,"href":"https:\/\/hotel-school.eu\/wp-index.php\/wp-json\/wp\/v2\/comments?post=1971"}],"version-history":[{"count":11,"href":"https:\/\/hotel-school.eu\/wp-index.php\/wp-json\/wp\/v2\/pages\/1971\/revisions"}],"predecessor-version":[{"id":2140,"href":"https:\/\/hotel-school.eu\/wp-index.php\/wp-json\/wp\/v2\/pages\/1971\/revisions\/2140"}],"wp:attachment":[{"href":"https:\/\/hotel-school.eu\/wp-index.php\/wp-json\/wp\/v2\/media?parent=1971"}],"curies":[{"name":"wp","href":"https:\/\/api.w.org\/{rel}","templated":true}]}}