{"id":2011,"date":"2019-09-16T22:11:33","date_gmt":"2019-09-16T22:11:33","guid":{"rendered":"http:\/\/hotel-school.eu\/?page_id=2011"},"modified":"2019-09-16T22:52:53","modified_gmt":"2019-09-16T22:52:53","slug":"historie","status":"publish","type":"page","link":"https:\/\/hotel-school.eu\/wp-index.php\/historie\/","title":{"rendered":"Historie"},"content":{"rendered":"<p><div class=\"fusion-fullwidth fullwidth-box fusion-builder-row-1 nonhundred-percent-fullwidth non-hundred-percent-height-scrolling\" style=\"background-color: rgba(255,255,255,0);background-position: center center;background-repeat: no-repeat;padding-top:0px;padding-right:0px;padding-bottom:0px;padding-left:0px;margin-bottom: 0px;margin-top: 0px;border-width: 0px 0px 0px 0px;border-color:#e7e4e2;border-style:solid;\" ><div class=\"fusion-builder-row fusion-row\"><div class=\"fusion-layout-column fusion_builder_column fusion-builder-column-0 fusion_builder_column_1_1 1_1 fusion-one-full fusion-column-first fusion-column-last\" style=\"margin-top:10px;margin-bottom:10px;\"><div class=\"fusion-column-wrapper fusion-flex-column-wrapper-legacy\" style=\"background-position:left top;background-repeat:no-repeat;-webkit-background-size:cover;-moz-background-size:cover;-o-background-size:cover;background-size:cover;padding: 0px 0px 0px 0px;\"><style type=\"text\/css\"><\/style><div class=\"fusion-title title fusion-title-1 fusion-sep-none fusion-title-text fusion-title-size-one\" style=\"font-size:34px;margin-top:0px;margin-right:0px;margin-bottom:30px;margin-left:0px;\"><h1 class=\"title-heading-left fusion-responsive-typography-calculated\" style=\"margin:0;font-size:1em;--fontSize:34;line-height:1.15;\"><div style=\"text-align: center;\"><span style=\"color: var(--h1_typography-color); font-family: var(--h1_typography-font-family); font-size: 1em; font-style: var(--h1_typography-font-style,normal); font-weight: var(--h1_typography-font-weight); letter-spacing: var(--h1_typography-letter-spacing); background-color: rgba(255, 255, 255, 0);\">Historie Hotelov\u00e9 \u0161koly v Mari\u00e1nsk\u00fdch L\u00e1zn\u00edch<\/span><\/div><\/h1><\/div><div class=\"fusion-clearfix\"><\/div><\/div><\/div><div class=\"fusion-layout-column fusion_builder_column fusion-builder-column-1 fusion_builder_column_1_1 1_1 fusion-one-full fusion-column-first fusion-column-last\" style=\"margin-top:10px;margin-bottom:10px;\"><div class=\"fusion-column-wrapper fusion-flex-column-wrapper-legacy\" style=\"background-position:left top;background-repeat:no-repeat;-webkit-background-size:cover;-moz-background-size:cover;-o-background-size:cover;background-size:cover;padding: 0px 0px 0px 0px;\"><div class=\"fusion-text fusion-text-1\"><p style=\"text-align: justify;\">Historie Hotelov\u00e9 \u0161koly v Mari\u00e1nsk\u00fdch L\u00e1zn\u00edch se datuje od 17. 9. 1928. Tento den byla v na\u0161em m\u011bst\u011b zah\u00e1jena v\u00fduka na Gastgewerbe und Hotelfachschule (Hostinsk\u00e9 a hotelov\u00e9 \u0161kole). Profesorsk\u00fd sbor m\u011bl tehdy pouh\u00fdch 13 \u010dlen\u016f a dopl\u0148oval jej tak\u00e9 sekret\u00e1\u0159 \u0161koly a \u0161koln\u00ed l\u00e9ka\u0159. Studium trvalo 3 roky, vyu\u010dovalo se celkem 24 p\u0159edm\u011bt\u016fm a vzd\u011bl\u00e1v\u00e1ni byli \u017e\u00e1ci n\u011bmeck\u00e9, \u010desk\u00e9 a dokonce i ma\u010farsk\u00e9 n\u00e1rodnosti. V t\u00e9to podob\u011b existovala \u0161kola do roku 1945.<\/p>\n<p style=\"text-align: justify;\">Po\u010d\u00e1tky sou\u010dasn\u00e9 \u0161koly se v\u0161ak vztahuj\u00ed i k Praze, kde byla v roce 1941 otev\u0159ena Odborn\u00e1 \u0161kola hostinsk\u00e1 a hotelov\u00e1. Ta byla po 2. sv\u011btov\u00e9 v\u00e1lce p\u0159enesena do budovy b\u00fdval\u00e9 n\u011bmeck\u00e9 \u0161koly v Mari\u00e1nsk\u00fdch L\u00e1zn\u00edch. Takto nov\u011b vznikl\u00e1 St\u00e1tn\u00ed odborn\u00e1 hotelov\u00e1 a hostinsk\u00e1 \u0161kola byla slavnostn\u011b otev\u0159ena 4. 3. 1946 a jej\u00edm prvn\u00edm \u0159editelem byl a\u017e do roku 1974 pan profesor Rudolf Hor\u00e1k. K r\u016fstu \u00farovn\u011b p\u0159isp\u011bla v roce 1955 zm\u011bna z dvoulet\u00e9 odborn\u00e9 \u0161koly na \u010dty\u0159letou st\u0159edn\u00ed \u0161kolu s maturitou. P\u0159ij\u00edman\u00ed studenti p\u0159ich\u00e1zeli p\u0159\u00edmo ze z\u00e1kladn\u00edch \u0161kol a v\u011bt\u0161\u00ed prostor ve vzd\u011bl\u00e1vac\u00edm procesu z\u00edskaly v\u0161eobecn\u011b vzd\u011bl\u00e1vac\u00ed p\u0159edm\u011bty. Od roku 1965 jsou ke studiu op\u011bt p\u0159ij\u00edm\u00e1ni \u017e\u00e1ci vyu\u010den\u00ed, a to p\u0159\u00edmo do druh\u00e9ho ro\u010dn\u00edku.<\/p>\n<p style=\"text-align: justify;\">V n\u00e1sleduj\u00edc\u00edch letech bylo vzd\u011bl\u00e1v\u00e1n\u00ed obohaceno je\u0161t\u011b o extern\u00ed studium ur\u010den\u00e9 pro uchaze\u010de z praxe. Tento model vzd\u011bl\u00e1v\u00e1n\u00ed se pozd\u011bji modifikoval na studium p\u0159i zam\u011bstn\u00e1n\u00ed a nakonec na tzv. d\u00e1lkov\u00e9 studium, kter\u00e9 ukon\u010dilo svoji dlouhou existenci p\u0159i hotelov\u00e9 \u0161kole teprve v roce 1996.<\/p>\n<p style=\"text-align: justify;\">Hotelov\u00e1 \u0161kola v Mari\u00e1nsk\u00fdch L\u00e1zn\u00edch m\u011bla dlouho v\u00fdsadn\u00ed postaven\u00ed mezi \u0161kolami v republice, a to i tehdy, kdy\u017e v roce 1948 vznikla Hotelov\u00e9 \u0161kola v Pie\u0161\u0165anech. D\u00edky sv\u00e9mu v\u011bhlasu p\u0159ijely do Mari\u00e1nsk\u00fdch L\u00e1zn\u00ed mnoh\u00e9 v\u00fdznamn\u00e9 osobnosti nejen na\u0161eho politick\u00e9ho, ale i kulturn\u00edho a sportovn\u00edho \u017eivota. Tak nap\u0159. v roce 1947 jsme m\u011bli tu \u010dest p\u0159iv\u00edtat prezidenta Edvarda Bene\u0161e a t\u00e9ho\u017e roku ministra Jana Masaryka, kter\u00fd svoji n\u00e1v\u0161t\u011bvu Mari\u00e1nsk\u00fdch L\u00e1zn\u00ed zpest\u0159il projevem v\u011bnovan\u00fdm pr\u00e1v\u011b hotelov\u00e9 \u0161kole. V roce 1956 n\u00e1s poctili svou n\u00e1v\u0161t\u011bvou um\u011blci z N\u00e1rodn\u00edho divadla, nap\u0159. E. Haken, K. H\u00f6ger, E. Kohout. V roce 1957 jsme uv\u00edtali rusk\u00e9ho mar\u0161\u00e1la Bu\u010fonn\u00e9ho, v roce 1958 gener\u00e1la a pozd\u011bj\u0161\u00edho prezidenta na\u0161\u00ed republiky Ludv\u00edka Svobodu, v roce 1960 mar\u0161\u00e1la Jeremenka. \u0158adu delegac\u00ed dopl\u0148uje v roce 1962 n\u00e1v\u0161t\u011bva man\u017eel\u016f Z\u00e1topkov\u00fdch a v roce 1964 na\u0161\u00ed gymnastky V\u011bry \u010c\u00e1slavsk\u00e9.<\/p>\n<p style=\"text-align: justify;\">V roce 1974 opustil svoji funkci dlouholet\u00fd a nezapomenuteln\u00fd \u0159editel, pan profesor Rudolf Hor\u00e1k a na jeho m\u00edsto nastupuje ing. Rudolf Kopek, aby vedl \u0161kolu a\u017e do roku 1981. V tomto roce do\u0161lo k dal\u0161\u00ed organiza\u010dn\u00ed zm\u011bn\u011b, proto\u017ee byl zformov\u00e1n nov\u00fd obor \u2013 provoz hotel\u016f a spole\u010dn\u00e9ho stravov\u00e1n\u00ed, co\u017e znamenalo slou\u010den\u00ed dosud odd\u011blen\u011b funguj\u00edc\u00ed stravovac\u00ed \u0161koly a st\u0159edn\u00ed hotelov\u00e9 \u0161koly. Op\u011bt byli ke studiu p\u0159ij\u00edm\u00e1ni pouze \u017e\u00e1ci z\u00e1kladn\u00edch \u0161kola, co\u017e s sebou p\u0159ineslo zm\u011bny nejenom v obsahu u\u010diva, ale i v metod\u00e1ch a p\u0159\u00edstupu pedagog\u016f. V roce 1991 odch\u00e1z\u00ed z funkce \u0159editele ing. Roman Div\u00ed\u0161ek a na jeho m\u00edsto p\u0159ich\u00e1z\u00ed sou\u010dasn\u00fd \u0159editel \u0161koly ing. Ji\u0159\u00ed Chum.<\/p>\n<p style=\"text-align: justify;\">Rokem 1991 za\u010d\u00edn\u00e1 nejnov\u011bj\u0161\u00ed etapa Hotelov\u00e9 \u0161koly v Mari\u00e1nsk\u00fdch L\u00e1zn\u00edch. Tento rok p\u0159in\u00e1\u0161\u00ed novou koncepci studia \u2013 p\u011btilet\u00fd dvoustup\u0148ov\u00fd model, jeho\u017e prvn\u00ed stupe\u0148 kon\u010d\u00ed ve t\u0159et\u00edm ro\u010dn\u00edku z\u00e1v\u011bre\u010dn\u00fdmi zkou\u0161kami a druh\u00fd stupe\u0148 pak maturitn\u00ed zkou\u0161kou v ro\u010dn\u00edku p\u00e1t\u00e9m.<\/p>\n<p style=\"text-align: justify;\">V roce 1993 \u2013 1997 byla provedena oprava venkovn\u00ed fas\u00e1dy a uvnit\u0159 byla \u0161kola vybavena modern\u00edm za\u0159\u00edzen\u00edm, kter\u00e9 slou\u017e\u00ed teoretick\u00e9mu i praktick\u00e9mu vyu\u010dov\u00e1n\u00ed student\u016f. V sou\u010dasn\u00e9 dob\u011b se m\u016f\u017eeme pochlubit 5 modern\u00edmi kuchyn\u011bmi, 2 restauracemi s 180 m\u00edsty, letn\u00ed terasou, 2 sal\u00f3nky, stylov\u00fdm vinn\u00fdm skl\u00edpkem a informa\u010dn\u00edm centrem s mo\u017enost\u00ed vyu\u017eit\u00ed internetov\u00e9 s\u00edt\u011b. Hotelov\u00e1 \u0161kola nab\u00edz\u00ed r\u016fzn\u00e9 odborn\u00e9 kurzy, stejn\u011b jako mo\u017enosti uspo\u0159\u00e1dat kulturn\u00ed, spole\u010densk\u00e9 a prezenta\u010dn\u00ed akce.<\/p>\n<p style=\"text-align: justify;\">Od roku 1995 se \u0161kola vr\u00e1tila k \u010dty\u0159let\u00e9mu modelu studia.a v sou\u010dasn\u00e9 dob\u011b u n\u00e1s studuje kolem 400 \u017e\u00e1k\u016f, o jejich\u017e vzd\u011bl\u00e1n\u00ed pe\u010duje 40 \u010dlen\u016f pedagogick\u00e9ho sboru.<\/p>\n<p style=\"text-align: justify;\">Hotelov\u00e1 \u0161kola v Mari\u00e1nsk\u00fdch L\u00e1zn\u00edch si udr\u017euje sv\u00e9 tradi\u010dn\u00ed v\u00fdsadn\u00ed postaven\u00ed, je\u017e se nezakl\u00e1d\u00e1 pouze na jej\u00edm \u00factyhodn\u00e9m v\u011bku, ale i na kvalitn\u00edm a modern\u00edm p\u0159\u00edstupu k procesu vzd\u011bl\u00e1v\u00e1n\u00ed mlad\u00fdch gastronom\u016f.<\/p>\n<\/div><div class=\"fusion-clearfix\"><\/div><\/div><\/div><\/div><\/div><div class=\"fusion-fullwidth fullwidth-box fusion-builder-row-2 nonhundred-percent-fullwidth non-hundred-percent-height-scrolling\" style=\"background-color: rgba(255,255,255,0);background-position: center center;background-repeat: no-repeat;padding-top:0px;padding-right:0px;padding-bottom:0px;padding-left:0px;margin-bottom: 0px;margin-top: 0px;border-width: 0px 0px 0px 0px;border-color:#e7e4e2;border-style:solid;\" ><div class=\"fusion-builder-row fusion-row\"><div class=\"fusion-layout-column fusion_builder_column fusion-builder-column-2 fusion_builder_column_1_1 1_1 fusion-one-full fusion-column-first fusion-column-last\" style=\"margin-top:10px;margin-bottom:10px;\"><div class=\"fusion-column-wrapper fusion-flex-column-wrapper-legacy\" style=\"background-position:left top;background-repeat:no-repeat;-webkit-background-size:cover;-moz-background-size:cover;-o-background-size:cover;background-size:cover;padding: 0px 0px 0px 0px;\"><div class=\"imageframe-align-center\"><span class=\" fusion-imageframe imageframe-none imageframe-1 hover-type-none\"><img decoding=\"async\" width=\"476\" height=\"210\" title=\"historie\" src=\"http:\/\/hotel-school.eu\/wp-content\/uploads\/2019\/09\/historie.jpg\" alt class=\"img-responsive wp-image-2027\" srcset=\"https:\/\/hotel-school.eu\/wp-content\/uploads\/2019\/09\/historie-200x88.jpg 200w, https:\/\/hotel-school.eu\/wp-content\/uploads\/2019\/09\/historie-400x176.jpg 400w, https:\/\/hotel-school.eu\/wp-content\/uploads\/2019\/09\/historie.jpg 476w\" sizes=\"(max-width: 800px) 100vw, 476px\" \/><\/span><\/div><div class=\"fusion-clearfix\"><\/div><\/div><\/div><\/div><\/div><\/p>\n","protected":false},"excerpt":{"rendered":"","protected":false},"author":1,"featured_media":0,"parent":0,"menu_order":0,"comment_status":"closed","ping_status":"closed","template":"","meta":{"footnotes":""},"class_list":["post-2011","page","type-page","status-publish","hentry"],"_links":{"self":[{"href":"https:\/\/hotel-school.eu\/wp-index.php\/wp-json\/wp\/v2\/pages\/2011","targetHints":{"allow":["GET"]}}],"collection":[{"href":"https:\/\/hotel-school.eu\/wp-index.php\/wp-json\/wp\/v2\/pages"}],"about":[{"href":"https:\/\/hotel-school.eu\/wp-index.php\/wp-json\/wp\/v2\/types\/page"}],"author":[{"embeddable":true,"href":"https:\/\/hotel-school.eu\/wp-index.php\/wp-json\/wp\/v2\/users\/1"}],"replies":[{"embeddable":true,"href":"https:\/\/hotel-school.eu\/wp-index.php\/wp-json\/wp\/v2\/comments?post=2011"}],"version-history":[{"count":3,"href":"https:\/\/hotel-school.eu\/wp-index.php\/wp-json\/wp\/v2\/pages\/2011\/revisions"}],"predecessor-version":[{"id":2028,"href":"https:\/\/hotel-school.eu\/wp-index.php\/wp-json\/wp\/v2\/pages\/2011\/revisions\/2028"}],"wp:attachment":[{"href":"https:\/\/hotel-school.eu\/wp-index.php\/wp-json\/wp\/v2\/media?parent=2011"}],"curies":[{"name":"wp","href":"https:\/\/api.w.org\/{rel}","templated":true}]}}