{"id":2029,"date":"2019-09-16T22:58:08","date_gmt":"2019-09-16T22:58:08","guid":{"rendered":"http:\/\/hotel-school.eu\/?page_id=2029"},"modified":"2025-09-15T12:25:23","modified_gmt":"2025-09-15T11:25:23","slug":"studium","status":"publish","type":"page","link":"https:\/\/hotel-school.eu\/wp-index.php\/studium\/","title":{"rendered":"Studium"},"content":{"rendered":"<p><div class=\"fusion-fullwidth fullwidth-box fusion-builder-row-1 nonhundred-percent-fullwidth non-hundred-percent-height-scrolling\" style=\"background-color: rgba(255,255,255,0);background-position: center center;background-repeat: no-repeat;padding-top:0px;padding-right:0px;padding-bottom:0px;padding-left:0px;margin-bottom: 0px;margin-top: 0px;border-width: 0px 0px 0px 0px;border-color:#e7e4e2;border-style:solid;\" ><div class=\"fusion-builder-row fusion-row\"><div class=\"fusion-layout-column fusion_builder_column fusion-builder-column-0 fusion_builder_column_2_3 2_3 fusion-two-third fusion-column-first\" style=\"width:66.666666666667%;width:calc(66.666666666667% - ( ( 4% ) * 0.66666666666667 ) );margin-right: 4%;margin-top:10px;margin-bottom:10px;\"><div class=\"fusion-column-wrapper fusion-flex-column-wrapper-legacy\" style=\"background-position:left top;background-blend-mode: overlay;background-repeat:no-repeat;-webkit-background-size:cover;-moz-background-size:cover;-o-background-size:cover;background-size:cover;padding: 0px 0px 0px 0px;\"><style type=\"text\/css\"><\/style><div class=\"fusion-title title fusion-title-1 fusion-sep-none fusion-title-text fusion-title-size-one\" style=\"font-size:34px;margin-top:0px;margin-right:0px;margin-bottom:30px;margin-left:0px;\"><h1 class=\"title-heading-left fusion-responsive-typography-calculated\" style=\"margin:0;font-size:1em;--fontSize:34;line-height:1.15;\"><strong>1. \u00davodn\u00ed informace o \u0161kole<\/strong><\/h1><\/div><div class=\"fusion-text fusion-text-1\"><p>Hotelov\u00e1 \u0161kola v Mari\u00e1nsk\u00fdch L\u00e1zn\u00edch je nejstar\u0161\u00ed hotelovou \u0161kolou v na\u0161em st\u00e1t\u011b. Byla zalo\u017eena v roce 1928 jako \u010deskoslovensk\u00e1 \u0161kola s n\u011bmeck\u00fdm vyu\u010dovac\u00edm jazykem a od roku 1946 pokra\u010duje ve sv\u00e9 \u010dinnosti v \u010desk\u00e9m vyu\u010dovac\u00edm jazyce. Na\u0161e \u0161kola m\u00e1 bohatou tradici. Vzhledem k tomu, \u017ee do roku 1973 byla jedinou hotelovou \u0161kolou v \u010cesk\u00e9 republice, je zn\u00e1m\u00e1 u n\u00e1s i v zahrani\u010d\u00ed. \u0160kola m\u00e1 velmi dobr\u00e9 person\u00e1ln\u00ed i materi\u00e1ln\u00ed podm\u00ednky pro kvalitn\u00ed v\u00fdchovu a vzd\u011bl\u00e1v\u00e1n\u00ed odborn\u00fdch pracovn\u00edk\u016f pro gastronomick\u00e9 a ubytovac\u00ed slu\u017eby v pr\u016fmyslu cestovn\u00edho ruchu.<\/p>\n<\/div><div class=\"fusion-clearfix\"><\/div><\/div><\/div><div class=\"fusion-layout-column fusion_builder_column fusion-builder-column-1 fusion_builder_column_1_3 1_3 fusion-one-third fusion-column-last\" style=\"width:33.333333333333%;width:calc(33.333333333333% - ( ( 4% ) * 0.33333333333333 ) );margin-top:10px;margin-bottom:10px;\"><div class=\"fusion-column-wrapper fusion-flex-column-wrapper-legacy\" style=\"background-position:left top;background-repeat:no-repeat;-webkit-background-size:cover;-moz-background-size:cover;-o-background-size:cover;background-size:cover;padding: 0px 0px 0px 0px;\"><span class=\" fusion-imageframe imageframe-dropshadow imageframe-1 hover-type-zoomin\" style=\"-webkit-box-shadow: 10px 10px 14px rgba(51,60,78,0.3);box-shadow: 10px 10px 14px rgba(51,60,78,0.3);\"><img decoding=\"async\" width=\"640\" height=\"426\" title=\"blur-chef-close-up-262978\" src=\"http:\/\/hotel-school.eu\/wp-content\/uploads\/2019\/09\/blur-chef-close-up-262978.jpg\" alt class=\"img-responsive wp-image-2016\" srcset=\"https:\/\/hotel-school.eu\/wp-content\/uploads\/2019\/09\/blur-chef-close-up-262978-200x133.jpg 200w, https:\/\/hotel-school.eu\/wp-content\/uploads\/2019\/09\/blur-chef-close-up-262978-400x266.jpg 400w, https:\/\/hotel-school.eu\/wp-content\/uploads\/2019\/09\/blur-chef-close-up-262978-600x399.jpg 600w, https:\/\/hotel-school.eu\/wp-content\/uploads\/2019\/09\/blur-chef-close-up-262978.jpg 640w\" sizes=\"(max-width: 800px) 100vw, 600px\" \/><\/span><div class=\"fusion-clearfix\"><\/div><\/div><\/div><\/div><\/div><div class=\"fusion-fullwidth fullwidth-box fusion-builder-row-2 nonhundred-percent-fullwidth non-hundred-percent-height-scrolling\" style=\"background-color: rgba(255,255,255,0);background-position: center center;background-repeat: no-repeat;padding-top:0px;padding-right:0px;padding-bottom:0px;padding-left:0px;margin-bottom: 0px;margin-top: 0px;border-width: 0px 0px 0px 0px;border-color:#e7e4e2;border-style:solid;\" ><div class=\"fusion-builder-row fusion-row\"><div class=\"fusion-layout-column fusion_builder_column fusion-builder-column-2 fusion_builder_column_2_3 2_3 fusion-two-third fusion-column-first\" style=\"width:66.666666666667%;width:calc(66.666666666667% - ( ( 4% ) * 0.66666666666667 ) );margin-right: 4%;margin-top:10px;margin-bottom:10px;\"><div class=\"fusion-column-wrapper fusion-flex-column-wrapper-legacy\" style=\"background-position:left top;background-blend-mode: overlay;background-repeat:no-repeat;-webkit-background-size:cover;-moz-background-size:cover;-o-background-size:cover;background-size:cover;padding: 0px 0px 0px 0px;\"><style type=\"text\/css\"><\/style><div class=\"fusion-title title fusion-title-2 fusion-sep-none fusion-title-text fusion-title-size-one\" style=\"font-size:34px;margin-top:0px;margin-right:0px;margin-bottom:30px;margin-left:0px;\"><h1 class=\"title-heading-left fusion-responsive-typography-calculated\" style=\"margin:0;font-size:1em;--fontSize:34;line-height:1.15;\">2. Charakteristika studia<\/h1><\/div><div class=\"fusion-text fusion-text-2\"><p>V sou\u010dasnosti je ve \u0161kole zaveden:<\/p>\n<\/div>\n<div class=\"table-1\">\n<table width=\"100%\">\n<thead>\n<tr>\n<th align=\"left\">Obor<\/th>\n<th align=\"left\">\u0160VP<\/th>\n<\/tr>\n<\/thead>\n<tbody>\n<tr>\n<td align=\"left\">\u00a0<span class=\"cerv_nadpis\"><a href=\"http:\/\/www.infoabsolvent.cz\/KatalogOboru\/KartaStrOboru.aspx?Obor=39330&amp;Kategorie=M&amp;SkupinaOboru=65&amp;Kraj=CZ011\" target=\"_blank\" rel=\"noopener noreferrer\">HOTELNICTV\u00cd A TURISMUS<\/a><\/span><\/td>\n<td align=\"left\"><a title=\"Hotelnictv\u00ed 2015\" href=\"http:\/\/hotelovaskola.cz\/dokumenty\/2025\/\u0160VP_Hotelnictv\u00ed a turismus_2025.pdf\" target=\"_blank\" rel=\"noopener noreferrer\"><u>\u0160VP (od 1.9.2025)<\/u><\/a><\/td>\n<\/tr>\n<tr>\n<td align=\"left\">\u00a0<span class=\"cerv_nadpis\"><a href=\"http:\/\/www.infoabsolvent.cz\/KatalogOboru\/KartaStrOboru.aspx?Obor=39334&amp;Kategorie=H&amp;SkupinaOboru=65&amp;Kraj=CZ011\" target=\"_blank\" rel=\"noopener noreferrer\">KUCHA\u0158<\/a><\/span><\/td>\n<td align=\"left\"><a title=\"Kucha\u0159 2009\" href=\"http:\/\/hotelovaskola.cz\/dokumenty\/2025\/\u0160VP_KUCHA\u0158_2025.pdf\" target=\"_blank\" rel=\"noopener noreferrer\"><u>\u0160VP\u00a0<\/u><u>(od 1.9.2025)<\/u><\/a><\/td>\n<\/tr>\n<tr>\n<td align=\"left\">\u00a0<a href=\"http:\/\/www.infoabsolvent.cz\/KatalogOboru\/KartaStrOboru.aspx?Obor=39334&amp;Kategorie=H&amp;SkupinaOboru=65&amp;Kraj=CZ011\" target=\"_blank\" rel=\"noopener noreferrer\">\u010c\u00cd\u0160N\u00cdK<\/a><\/td>\n<td align=\"left\"><a title=\"\u010c\u00ed\u0161n\u00edk 2009\" href=\"http:\/\/hotelovaskola.cz\/dokumenty\/2025\/\u0160VP_\u010c\u00cd\u0160N\u00cdK_2025.pdf\" target=\"_blank\" rel=\"noopener noreferrer\"><u>\u0160VP\u00a0<\/u><u>(od 1.9.2025)<\/u><\/a><\/td>\n<\/tr>\n<tr>\n<td align=\"left\">\u00a0<span class=\"cerv_nadpis\"><a href=\"http:\/\/www.infoabsolvent.cz\/Obory\/KartaOboru\/6541L51\/Gastronomie\" target=\"_blank\" rel=\"noopener noreferrer\">GASTRONOMIE<\/a><\/span><\/td>\n<td align=\"left\"><a title=\"Gastronomie 2015\" href=\"http:\/\/hotelovaskola.cz\/dokumenty\/2025\/\u0160VP_GASTRONOMIE_2025.pdf\" target=\"_blank\" rel=\"noopener noreferrer\"><u>\u0160VP (od 1.9.2025)<\/u><\/a><\/td>\n<\/tr>\n<\/tbody>\n<\/table>\n<\/div>\n<div class=\"fusion-clearfix\"><\/div><\/div><\/div><div class=\"fusion-layout-column fusion_builder_column fusion-builder-column-3 fusion_builder_column_1_3 1_3 fusion-one-third fusion-column-last\" style=\"width:33.333333333333%;width:calc(33.333333333333% - ( ( 4% ) * 0.33333333333333 ) );margin-top:10px;margin-bottom:10px;\"><div class=\"fusion-column-wrapper fusion-flex-column-wrapper-legacy\" style=\"background-position:left top;background-repeat:no-repeat;-webkit-background-size:cover;-moz-background-size:cover;-o-background-size:cover;background-size:cover;padding: 0px 0px 0px 0px;\"><span class=\" fusion-imageframe imageframe-dropshadow imageframe-2 hover-type-zoomin\" style=\"-webkit-box-shadow: 10px 10px 14px rgba(51,60,78,0.3);box-shadow: 10px 10px 14px rgba(51,60,78,0.3);\"><img decoding=\"async\" width=\"640\" height=\"734\" title=\"cuisine-delicious-dining-1097424\" src=\"http:\/\/hotel-school.eu\/wp-content\/uploads\/2019\/09\/cuisine-delicious-dining-1097424-e1568675901715.jpg\" alt class=\"img-responsive wp-image-2037\" srcset=\"https:\/\/hotel-school.eu\/wp-content\/uploads\/2019\/09\/cuisine-delicious-dining-1097424-e1568675901715-200x229.jpg 200w, https:\/\/hotel-school.eu\/wp-content\/uploads\/2019\/09\/cuisine-delicious-dining-1097424-e1568675901715-400x459.jpg 400w, https:\/\/hotel-school.eu\/wp-content\/uploads\/2019\/09\/cuisine-delicious-dining-1097424-e1568675901715-600x688.jpg 600w, https:\/\/hotel-school.eu\/wp-content\/uploads\/2019\/09\/cuisine-delicious-dining-1097424-e1568675901715.jpg 640w\" sizes=\"(max-width: 800px) 100vw, 640px\" \/><\/span><div class=\"fusion-clearfix\"><\/div><\/div><\/div><\/div><\/div><div class=\"fusion-fullwidth fullwidth-box fusion-builder-row-3 hundred-percent-fullwidth non-hundred-percent-height-scrolling\" style=\"background-color: #f7f5f4;background-position: center center;background-repeat: no-repeat;padding-top:0px;padding-right:0px;padding-bottom:0px;padding-left:0px;margin-bottom: 0px;margin-top: 0px;border-width: 0px 0px 0px 0px;border-color:#e7e4e2;border-style:solid;\" ><div class=\"fusion-builder-row fusion-row\"><div class=\"fusion-layout-column fusion_builder_column fusion-builder-column-4 fusion_builder_column_1_1 1_1 fusion-one-full fusion-column-first fusion-column-last fusion-column-no-min-height\" style=\"margin-top:0px;margin-bottom:20px;\"><div class=\"fusion-column-wrapper fusion-flex-column-wrapper-legacy\" style=\"background-position:left top;background-blend-mode: overlay;background-repeat:no-repeat;-webkit-background-size:cover;-moz-background-size:cover;-o-background-size:cover;background-size:cover;padding: 0px 0px 0px 0px;\"><div class=\"fusion-section-separator section-separator bigtriangle fusion-section-separator-1\"><div class=\"fusion-section-separator-svg\" style=\"padding:0;margin-left: 0px;margin-right: 0px;\"><svg class=\"fusion-big-triangle-candy\" xmlns=\"http:\/\/www.w3.org\/2000\/svg\" version=\"1.1\" width=\"100%\" height=\"100\" viewBox=\"0 0 100 100\" preserveAspectRatio=\"none\" style=\"padding:0;\" fill=\"rgba(255,255,255,1)\"><path d=\"M-1 -1 L50 99 L101 -1 Z\"><\/path><\/svg><\/div><div class=\"fusion-section-separator-spacer\"><div class=\"fusion-section-separator-spacer-height\" style=\"height:99px;\"><\/div><\/div><\/div>\n<div class=\"table-1\">\n<table width=\"100%\">\n<thead>\n<tr>\n<th style=\"text-align: center;\" align=\"left\">Obor<br \/>\n(k\u00f3d a n\u00e1zev)<\/th>\n<th style=\"text-align: center;\" align=\"left\">D\u00e9lka<br \/>\nvzd\u011bl\u00e1v\u00e1n\u00ed<\/th>\n<th style=\"text-align: center;\" align=\"left\">Druh<br \/>\nvzd\u011bl\u00e1v\u00e1n\u00ed<\/th>\n<th style=\"text-align: center;\" align=\"left\">Forma<br \/>\nvzd\u011bl\u00e1v\u00e1n\u00ed<\/th>\n<\/tr>\n<\/thead>\n<tbody>\n<tr style=\"background: #ffffcc;\">\n<td align=\"left\"><a href=\"http:\/\/www.infoabsolvent.cz\/KatalogOboru\/KartaStrOboru.aspx?Obor=39330&amp;Kategorie=M&amp;SkupinaOboru=65&amp;Kraj=CZ011\" target=\"_blank\" rel=\"noopener noreferrer\">65-42-M\/01 Hotelnictv\u00ed<\/a><\/td>\n<td style=\"text-align: center;\" align=\"left\">4 roky<\/td>\n<td style=\"text-align: center;\" align=\"left\">St\u0159edn\u00ed<br \/>\ns maturitou<\/td>\n<td style=\"text-align: center;\" align=\"left\">denn\u00ed<\/td>\n<\/tr>\n<tr style=\"background: #ffe1d2;\">\n<td align=\"left\"><a href=\"http:\/\/www.infoabsolvent.cz\/KatalogOboru\/KartaStrOboru.aspx?Obor=39334&amp;Kategorie=H&amp;SkupinaOboru=65&amp;Kraj=CZ011\" target=\"_blank\" rel=\"noopener noreferrer\">65-51-H\/01 Kucha\u0159<\/a><\/td>\n<td style=\"text-align: center;\" align=\"left\">3 roky<\/td>\n<td style=\"text-align: center;\" align=\"left\">St\u0159edn\u00ed<br \/>\ns v\u00fdu\u010dn\u00edm listem<\/td>\n<td style=\"text-align: center;\" align=\"left\">denn\u00ed<\/td>\n<\/tr>\n<tr style=\"background: #ffe1d2;\">\n<td align=\"left\"><a href=\"http:\/\/www.infoabsolvent.cz\/KatalogOboru\/KartaStrOboru.aspx?Obor=39334&amp;Kategorie=H&amp;SkupinaOboru=65&amp;Kraj=CZ011\" target=\"_blank\" rel=\"noopener noreferrer\">65-51-H\/01 \u010c\u00ed\u0161n\u00edk<\/a><\/td>\n<td style=\"text-align: center;\" align=\"left\">3 roky<\/td>\n<td style=\"text-align: center;\" align=\"left\">St\u0159edn\u00ed<br \/>\ns v\u00fdu\u010dn\u00edm listem<\/td>\n<td style=\"text-align: center;\" align=\"left\">denn\u00ed<\/td>\n<\/tr>\n<tr style=\"background: #dcf4c6;\">\n<td align=\"left\"><a href=\"http:\/\/www.infoabsolvent.cz\/Obory\/KartaOboru\/6541L51\/Gastronomie?svpFiltr=227384\" target=\"_blank\" rel=\"noopener noreferrer\">65-41-L\/51 Gastronomie<\/a><\/td>\n<td style=\"text-align: center;\" align=\"left\">2 roky<\/td>\n<td style=\"text-align: center;\" align=\"left\">N\u00e1stavbov\u00e9<br \/>\ns maturitou<\/td>\n<td style=\"text-align: center;\" align=\"left\">denn\u00ed<\/td>\n<\/tr>\n<\/tbody>\n<\/table>\n<\/div>\n<div class=\"fusion-clearfix\"><\/div><\/div><\/div><\/div><\/div><div class=\"fusion-fullwidth fullwidth-box fusion-builder-row-4 nonhundred-percent-fullwidth non-hundred-percent-height-scrolling\" style=\"background-color: #f7f5f4;background-position: center center;background-repeat: no-repeat;padding-top:0px;padding-right:20px;padding-bottom:0px;padding-left:20px;margin-bottom: 0px;margin-top: 0px;border-width: 0px 0px 0px 0px;border-color:#e7e4e2;border-style:solid;\" ><div class=\"fusion-builder-row fusion-row\"><div class=\"fusion-layout-column fusion_builder_column fusion-builder-column-5 fusion_builder_column_1_1 1_1 fusion-one-full fusion-column-first fusion-column-last\" style=\"margin-top:10px;margin-bottom:10px;\"><div class=\"fusion-column-wrapper fusion-flex-column-wrapper-legacy\" style=\"background-position:left top;background-repeat:no-repeat;-webkit-background-size:cover;-moz-background-size:cover;-o-background-size:cover;background-size:cover;padding: 0px 0px 0px 0px;\"><div class=\"fusion-text fusion-text-3\"><p>V pr\u016fb\u011bhu studia \u017e\u00e1ci absolvuj\u00ed, obdobn\u011b jako v jin\u00fdch st\u0159edn\u00edch \u0161kol\u00e1ch, v\u0161eobecn\u011b vzd\u011bl\u00e1vac\u00ed p\u0159edm\u011bty, nap\u0159.: \u010desk\u00fd jazyk a literaturu, t\u0159i ciz\u00ed jazyky, ob\u010danskou nauku, d\u011bjepis, z\u00e1klady p\u0159\u00edrodn\u00edch v\u011bd, matematiku, informa\u010dn\u00ed a komunika\u010dn\u00ed technologie a t\u011blesnou v\u00fdchovu.<\/p>\n<p>V r\u00e1mci odborn\u00e9 p\u0159\u00edpravy pro sv\u00e9 budouc\u00ed povol\u00e1n\u00ed absolvuj\u00ed \u017e\u00e1ci \u0159adu odborn\u00fdch p\u0159edm\u011bt\u016f, nap\u0159.: technologii p\u0159\u00edpravy pokrm\u016f, techniku obsluhy a slu\u017eeb, ekonomiku, \u00fa\u010detnictv\u00ed, nauku o v\u00fd\u017eiv\u011b, nauku o potravin\u00e1ch, hotelov\u00fd provoz, management a marketing, zem\u011bpis cestovn\u00edho ruchu, pr\u00e1vo, cestovn\u00ed ruch, techniku administrativy, obchodn\u00ed korespondenci a praxi. Krom\u011b u\u010debn\u00ed praxe v pr\u016fb\u011bhu \u0161koln\u00edho roku konaj\u00ed \u017e\u00e1ci povinnou odbornou praxi v d\u00e9lce 10-ti pracovn\u00edch dn\u00ed. Praxi je mo\u017eno vykonat v \u010cesk\u00e9 republice, p\u0159\u00edpadn\u011b i v zahrani\u010d\u00ed.<\/p>\n<p><b>P\u0159ejeme V\u00e1m \u00fasp\u011bch p\u0159i volb\u011b sv\u00e9ho dal\u0161\u00edho studia a t\u011b\u0161\u00edme se s V\u00e1mi na shledanou.<\/b><\/p>\n<p style=\"text-align: right;\"><b><span style=\"color: var(--body_typography-color); font-family: var(--body_typography-font-family); font-size: var(--body_typography-font-size); font-style: var(--body_typography-font-style,normal); letter-spacing: var(--body_typography-letter-spacing);\">Ing. Ji\u0159\u00ed Chum,\u00a0<\/span><\/b><b>\u0159editel \u0161koly<\/b><\/p>\n<\/div><div class=\"fusion-clearfix\"><\/div><\/div><\/div><\/div><\/div><\/p>\n","protected":false},"excerpt":{"rendered":"","protected":false},"author":1,"featured_media":0,"parent":0,"menu_order":0,"comment_status":"closed","ping_status":"closed","template":"","meta":{"footnotes":""},"class_list":["post-2029","page","type-page","status-publish","hentry"],"_links":{"self":[{"href":"https:\/\/hotel-school.eu\/wp-index.php\/wp-json\/wp\/v2\/pages\/2029","targetHints":{"allow":["GET"]}}],"collection":[{"href":"https:\/\/hotel-school.eu\/wp-index.php\/wp-json\/wp\/v2\/pages"}],"about":[{"href":"https:\/\/hotel-school.eu\/wp-index.php\/wp-json\/wp\/v2\/types\/page"}],"author":[{"embeddable":true,"href":"https:\/\/hotel-school.eu\/wp-index.php\/wp-json\/wp\/v2\/users\/1"}],"replies":[{"embeddable":true,"href":"https:\/\/hotel-school.eu\/wp-index.php\/wp-json\/wp\/v2\/comments?post=2029"}],"version-history":[{"count":12,"href":"https:\/\/hotel-school.eu\/wp-index.php\/wp-json\/wp\/v2\/pages\/2029\/revisions"}],"predecessor-version":[{"id":4369,"href":"https:\/\/hotel-school.eu\/wp-index.php\/wp-json\/wp\/v2\/pages\/2029\/revisions\/4369"}],"wp:attachment":[{"href":"https:\/\/hotel-school.eu\/wp-index.php\/wp-json\/wp\/v2\/media?parent=2029"}],"curies":[{"name":"wp","href":"https:\/\/api.w.org\/{rel}","templated":true}]}}