{"id":2178,"date":"2022-01-04T13:24:12","date_gmt":"2022-01-04T12:24:12","guid":{"rendered":"https:\/\/hotel-school.eu\/wp-index.php\/?page_id=2178"},"modified":"2025-07-07T09:21:02","modified_gmt":"2025-07-07T08:21:02","slug":"fotografie-z-plesu","status":"publish","type":"page","link":"https:\/\/hotel-school.eu\/wp-index.php\/fotografie-z-plesu\/","title":{"rendered":"Fotografie z ples\u016f"},"content":{"rendered":"<div class=\"fusion-fullwidth fullwidth-box fusion-builder-row-1 nonhundred-percent-fullwidth non-hundred-percent-height-scrolling\" style=\"background-color: rgba(255,255,255,0);background-position: center center;background-repeat: no-repeat;padding-top:0px;padding-right:0px;padding-bottom:0px;padding-left:0px;margin-bottom: 0px;margin-top: 0px;border-width: 0px 0px 0px 0px;border-color:#e7e4e2;border-style:solid;\" ><div class=\"fusion-builder-row fusion-row\"><div class=\"fusion-layout-column fusion_builder_column fusion-builder-column-0 fusion_builder_column_1_1 1_1 fusion-one-full fusion-column-first fusion-column-last\" style=\"margin-top:10px;margin-bottom:10px;\"><div class=\"fusion-column-wrapper fusion-flex-column-wrapper-legacy\" style=\"background-position:left top;background-repeat:no-repeat;-webkit-background-size:cover;-moz-background-size:cover;-o-background-size:cover;background-size:cover;padding: 0px 0px 0px 0px;\"><div class=\"fusion-text fusion-text-1\"><h2 style=\"text-align: center;\"><strong>Fotografie z maturitn\u00edch ples\u016f<\/strong><\/h2>\n<\/div><p align=\"center\">\n<a href=\"https:\/\/photos.app.goo.gl\/xHzH4qxBXttmobZp7\" target=\"_blank\" title=\"4.A + 4.B Casino Mari\u00e1nsk\u00e9 L\u00e1zn\u011b\"><span style=\"font-size: 18pt; color: #0066cc\"><u>4.A + 4.B - 1. \u00fanora 2025<\/u><\/a>\n<\/p>\n<p align=\"center\">\n<a href=\"https:\/\/photos.app.goo.gl\/xHzH4qxBXttmobZp7\" target=\"_blank\" title=\"4.A + 4.B Casino Mari\u00e1nsk\u00e9 L\u00e1zn\u011b\"><\/span><img decoding=\"async\" style=\"margin: 5px\" src=\"https:\/\/www.hotelovaskola.cz\/plesy\/4ab2025.jpg\" border=\"0\" alt=\"4b2018.jpg\" title=\"4.A + 4.B Casino Mari\u00e1nsk\u00e9 L\u00e1zn\u011b\" width=\"600\" height=\"400\" align=\"middle\" \/><\/a> \n<\/p>\n<hr \/>\n<p align=\"center\">\n<a href=\"https:\/\/photos.app.goo.gl\/sv73nvAnKhymUwzy5\" target=\"_blank\" title=\"4.A + 4.B Casino Mari\u00e1nsk\u00e9 L\u00e1zn\u011b\"><span style=\"font-size: 18pt; color: #0066cc\"><u>4.A + 4.B - 4. \u00fanora 2023<\/u><\/a>\n<\/p>\n<p align=\"center\">\n<a href=\"https:\/\/photos.app.goo.gl\/sv73nvAnKhymUwzy5\" target=\"_blank\" title=\"4.A + 4.B Casino Mari\u00e1nsk\u00e9 L\u00e1zn\u011b\"><\/span><img decoding=\"async\" style=\"margin: 5px\" src=\"https:\/\/www.hotelovaskola.cz\/plesy\/4ab2023.jpg\" border=\"0\" alt=\"4b2018.jpg\" title=\"4.A + 4.B Casino Mari\u00e1nsk\u00e9 L\u00e1zn\u011b\" width=\"600\" height=\"400\" align=\"middle\" \/><\/a> \n<\/p>\n<hr \/>\n<p align=\"center\">\n<a href=\"https:\/\/photos.app.goo.gl\/j1ptLhZesqi4SEx1A\" target=\"_blank\" title=\"4.B Casino Mari\u00e1nsk\u00e9 L\u00e1zn\u011b\"><span style=\"font-size: 18pt; color: #0066cc\"><u>4.B - 9. \u00fanora 2019<\/u><\/span><\/a> \n<\/p>\n<p align=\"center\">\n<a href=\"https:\/\/photos.app.goo.gl\/j1ptLhZesqi4SEx1A\" target=\"_blank\" title=\"4.B Casino Mari\u00e1nsk\u00e9 L\u00e1zn\u011b\"><img decoding=\"async\" style=\"margin: 5px\" src=\"https:\/\/www.hotelovaskola.cz\/JOOMLA\/images\/stories\/2019\/4b2019.jpg\" border=\"0\" alt=\"4b2018.jpg\" title=\"4.B Casino Mari\u00e1nsk\u00e9 L\u00e1zn\u011b\" width=\"600\" height=\"400\" align=\"middle\" \/><\/a> \n<\/p>\n<hr \/>\n<p align=\"center\">\n<a href=\"https:\/\/photos.app.goo.gl\/omVWtWyBvZQR64vk1\" target=\"_blank\" title=\"4.B Casino Mari\u00e1nsk\u00e9 L\u00e1zn\u011b\"><span style=\"font-size: 18pt; color: #0066cc\"><u>4.B - 3. \u00fanora 2018<\/u><\/span><\/a> \n<\/p>\n<p align=\"center\">\n<a href=\"https:\/\/photos.app.goo.gl\/omVWtWyBvZQR64vk1\" target=\"_blank\"><u>FOTO1<\/u><\/a> - <a href=\"https:\/\/photos.app.goo.gl\/EtvuPmq63bP2eaQl2\" target=\"_blank\"><u>FOTO2<\/u><\/a> - <a href=\"https:\/\/photos.app.goo.gl\/0J7wKjbgxTZlDlp92\" target=\"_blank\"><u>FOTO3<\/u><\/a> \n<\/p>\n<p align=\"center\">\n<a href=\"https:\/\/photos.app.goo.gl\/omVWtWyBvZQR64vk1\" target=\"_blank\" title=\"4.B Casino Mari\u00e1nsk\u00e9 L\u00e1zn\u011b\"><img decoding=\"async\" style=\"height: 400px; width: 600px; margin: 5px\" src=\"https:\/\/www.hotelovaskola.cz\/JOOMLA\/images\/stories\/2018\/4b2018.jpg\" border=\"0\" alt=\"4b2018.jpg\" title=\"4.B Casino Mari\u00e1nsk\u00e9 L\u00e1zn\u011b\" width=\"600\" height=\"400\" align=\"middle\" \/><\/a> \n<\/p>\n<p align=\"center\">\n<a href=\"https:\/\/photos.app.goo.gl\/FkZ1KsX2GKSvwZN23\" target=\"_blank\" title=\"4.A Svoboda Cheb\"><span style=\"font-size: 18pt; color: #0066cc\"><u>4.A - 26. ledna 2018<\/u><\/span><\/a> \n<\/p>\n<p align=\"center\">\n<a href=\"https:\/\/photos.app.goo.gl\/FkZ1KsX2GKSvwZN23\" target=\"_blank\"><u>FOTO1<\/u><\/a> - <a href=\"https:\/\/photos.app.goo.gl\/g00vqQunECpT4iPy1\" target=\"_blank\"><u>FOTO2<\/u><\/a> - <a href=\"https:\/\/photos.app.goo.gl\/CeQVrVW3VZKiINjK2\" target=\"_blank\"><u>FOTO3<\/u><\/a> \n<\/p>\n<p align=\"center\">\n<a href=\"https:\/\/photos.app.goo.gl\/FkZ1KsX2GKSvwZN23\" target=\"_blank\" title=\"4.A Svoboda Cheb\"><img decoding=\"async\" style=\"height: 400px; width: 600px; margin: 5px\" src=\"https:\/\/www.hotelovaskola.cz\/JOOMLA\/images\/stories\/2018\/4a2018.jpg\" border=\"0\" alt=\"4a2018.jpg\" title=\"4.A Svoboda Cheb\" width=\"600\" height=\"400\" align=\"middle\" \/><\/a> \n<\/p>\n<hr \/>\n<p align=\"center\">\n<a href=\"https:\/\/goo.gl\/photos\/6KJFVhSCx9Eeg9qW9\" target=\"_blank\" title=\"4.A Svoboda Cheb\"><span style=\"font-size: 18pt; color: #0066cc\"><u>4.A - 17. \u00fanora 2017<\/u><\/span><\/a> \n<\/p>\n<p align=\"center\">\n<a href=\"https:\/\/goo.gl\/photos\/6KJFVhSCx9Eeg9qW9\" target=\"_blank\" title=\"4.A Svoboda Cheb\"><img decoding=\"async\" style=\"height: 400px; width: 600px; margin: 5px\" src=\"https:\/\/www.hotelovaskola.cz\/JOOMLA\/images\/stories\/2017\/4a2017.jpg\" border=\"0\" alt=\"4a2017.jpg\" title=\"4.A Svoboda Cheb\" width=\"600\" height=\"400\" align=\"middle\" \/><\/a> \n<\/p>\n<p align=\"center\">\n<a href=\"https:\/\/goo.gl\/photos\/wXP28ctNZzgpBW2k9\" target=\"_blank\" title=\"4.B + u2.SA Svoboda Cheb\"><span style=\"font-size: 18pt; color: #0066cc\"><u>4.B + u2.SA - 27. ledna 2017<\/u><\/span><\/a> \n<\/p>\n<p align=\"center\">\n<a href=\"https:\/\/goo.gl\/photos\/wXP28ctNZzgpBW2k9\" target=\"_blank\" title=\"4.B + u2.SA Svoboda Cheb\"><img decoding=\"async\" style=\"height: 400px; width: 600px; margin: 5px\" src=\"https:\/\/www.hotelovaskola.cz\/JOOMLA\/images\/stories\/2017\/4b2017.jpg\" border=\"0\" alt=\"4b2017.jpg\" title=\"4.B + u2.SA Svoboda Cheb\" width=\"600\" height=\"400\" align=\"middle\" \/><\/a> \n<\/p>\n<hr \/>\n<p align=\"center\">\n<a href=\"https:\/\/plus.google.com\/photos\/102119539066030235927\/albums\/6262179460668630897\" target=\"_blank\" title=\"4.A Svoboda Cheb\"><span style=\"font-size: 18pt; color: #0066cc\"><u>4.A - 12. \u00fanora 2016<\/u><\/span><\/a> \n<\/p>\n<p align=\"center\">\n<a href=\"http:\/\/smilefie.cz\/galerie\/18234-2\/\" target=\"_blank\" title=\"smilefie.cz\"><u>FOTOBUDKA<\/u><\/a> \n<\/p>\n<p align=\"center\">\n<a href=\"https:\/\/plus.google.com\/photos\/102119539066030235927\/albums\/6262179460668630897\" target=\"_blank\" title=\"4.C Spole\u010densk\u00fd d\u016fm Casino Mari\u00e1nsk\u00e9 L\u00e1zn\u011b\"><img decoding=\"async\" style=\"height: 400px; width: 600px; margin: 5px\" src=\"https:\/\/www.hotelovaskola.cz\/JOOMLA\/images\/stories\/2016\/4a2016.jpg\" border=\"0\" alt=\"4a2016.jpg\" title=\"4.A Svoboda Cheb\" width=\"600\" height=\"400\" align=\"middle\" \/><\/a>   \n<\/p>\n<p align=\"center\">\n<a href=\"https:\/\/plus.google.com\/photos\/102119539066030235927\/albums\/6257767476288516081\" target=\"_blank\" title=\"4.C L\u00e1ze\u0148sk\u00fd d\u016fm Casino Mari\u00e1nsk\u00e9 L\u00e1zn\u011b\"><span style=\"font-size: 18pt; color: #0066cc\"><u>4.C - 22. ledna 2016<\/u><\/span><\/a> \n<\/p>\n<p align=\"center\">\n<a href=\"https:\/\/plus.google.com\/photos\/102119539066030235927\/albums\/6257767476288516081\" target=\"_blank\" title=\"4.C Spole\u010densk\u00fd d\u016fm Casino Mari\u00e1nsk\u00e9 L\u00e1zn\u011b\"><img decoding=\"async\" style=\"height: 400px; width: 600px; margin: 5px\" src=\"https:\/\/www.hotelovaskola.cz\/JOOMLA\/images\/stories\/2016\/4c2016.jpg\" border=\"0\" alt=\"4c2016.jpg\" title=\"4.C Spole\u010densk\u00fd d\u016fm Casino Mari\u00e1nsk\u00e9 L\u00e1zn\u011b\" width=\"600\" height=\"400\" align=\"middle\" \/><\/a> \n<\/p>\n<hr \/>\n<p align=\"center\">\n<a href=\"http:\/\/www.hotelovaskola.cz\/2015\/ples_4a\/\" target=\"_blank\" title=\"4.A Casino Mari\u00e1nsk\u00e9 L\u00e1zn\u011b\"><span style=\"font-size: 18pt\">4.A - 20. \u00fanora 2015<\/span><\/a> \n<\/p>\n<p align=\"center\">\n<a href=\"http:\/\/www.hotelovaskola.cz\/2015\/ples_4a\/\" target=\"_blank\" title=\"4.A Casino Mari\u00e1nsk\u00e9 L\u00e1zn\u011b\"><img decoding=\"async\" style=\"height: 400px; width: 600px; margin: 5px\" src=\"https:\/\/www.hotelovaskola.cz\/JOOMLA\/images\/stories\/2015\/4a2015.jpg\" border=\"0\" alt=\"4a2015.jpg\" title=\"4a2015.jpg\" width=\"600\" height=\"400\" align=\"middle\" \/><\/a> \n<\/p>\n<p align=\"center\">\n<a href=\"http:\/\/www.hotelovaskola.cz\/2015\/ples_4c\/\" target=\"_blank\" title=\"4.C Kulturn\u00ed d\u016fm Svoboda Cheb\"><span style=\"font-size: 18pt\">4.C - 30. ledna 2015<\/span><\/a> \n<\/p>\n<p align=\"center\">\n<a href=\"http:\/\/www.hotelovaskola.cz\/2015\/ples_4c\/\" target=\"_blank\" title=\"4.C Kulturn\u00ed d\u016fm Svoboda Cheb\"><img decoding=\"async\" style=\"height: 400px; width: 600px; margin: 5px\" src=\"https:\/\/www.hotelovaskola.cz\/JOOMLA\/images\/stories\/2015\/4c2015.jpg\" border=\"0\" alt=\"4c2015.jpg\" title=\"4.C Kulturn\u00ed d\u016fm Svoboda Cheb\" width=\"600\" height=\"400\" align=\"middle\" \/><\/a> <br \/>\n<a href=\"http:\/\/youtu.be\/lUXFJIHTDyI\" target=\"_blank\" title=\"KLIP\"><img decoding=\"async\" style=\"height: 29px; width: 70px\" src=\"https:\/\/www.hotelovaskola.cz\/JOOMLA\/images\/stories\/youtube.gif\" alt=\"KLIP\" title=\"KLIP\" width=\"70\" height=\"29\" align=\"middle\" \/><\/a> \n<\/p>\n<hr \/>\n<p align=\"center\">\n<a href=\"https:\/\/www.hotelovaskola.cz\/JOOMLA\/2014\/ples_4ac\/\" target=\"_blank\" title=\"4.A + 4.C Casino Mari\u00e1nsk\u00e9 L\u00e1zn\u011b\"><span style=\"font-size: 18pt\"><strong>4.A + 4.C<\/strong> - 15. \u00fanora 2014<\/span><\/a> \n<\/p>\n<p align=\"center\">\n<a href=\"http:\/\/www.hotelovaskola.cz\/2014\/ples_4ac\/\" target=\"_blank\" title=\"4.A + 4.C Casino Mari\u00e1nsk\u00e9 L\u00e1zn\u011b\"><img decoding=\"async\" style=\"height: 400px; width: 600px; margin: 5px\" src=\"https:\/\/www.hotelovaskola.cz\/JOOMLA\/images\/stories\/2014\/4ac2014.jpg\" border=\"0\" alt=\"4ac2014.jpg\" title=\"4ac2014.jpg\" width=\"600\" height=\"400\" align=\"middle\" \/><\/a> \n<\/p>\n<p align=\"center\">\n<a href=\"http:\/\/www.hotelovaskola.cz\/2014\/ples_4b\/\" target=\"_blank\" title=\"4.B Kulturn\u00ed d\u016fm Svoboda Cheb\"><span style=\"font-size: 18pt\">4.B - 7. \u00fanora 2014<\/span><\/a> \n<\/p>\n<p align=\"center\">\n<a href=\"http:\/\/www.hotelovaskola.cz\/2014\/ples_4b\/\" target=\"_blank\" title=\"4.B Kulturn\u00ed d\u016fm Svoboda Cheb\"><img decoding=\"async\" style=\"height: 400px; width: 600px; margin: 5px\" src=\"https:\/\/www.hotelovaskola.cz\/JOOMLA\/images\/stories\/2014\/4b2014.jpg\" border=\"0\" alt=\"4b2014.jpg\" title=\"4.B Kulturn\u00ed d\u016fm Svoboda Cheb\" width=\"600\" height=\"400\" align=\"middle\" \/><\/a> \n<\/p>\n<hr \/>\n<p align=\"center\">\n<a href=\"http:\/\/kaspares.rajce.idnes.cz\/Maturitni_ples_4.A_Marianske_Lazne_2009-2013\/\" target=\"_blank\" title=\"4.A Spole\u010densk\u00fd d\u016fm Casino\"><span style=\"font-size: 18pt\"><strong>4.A<\/strong> - 11. ledna 2013<\/span><\/a> \n<\/p>\n<p align=\"center\">\n<a href=\"http:\/\/kaspares.rajce.idnes.cz\/Maturitni_ples_4.A_Marianske_Lazne_2009-2013\/\" target=\"_blank\" title=\"4.A Spole\u010densk\u00fd d\u016fm Casino\"><img decoding=\"async\" style=\"height: 400px; width: 600px; margin: 5px\" src=\"https:\/\/www.hotelovaskola.cz\/JOOMLA\/images\/stories\/2013\/4a2013.jpg\" border=\"0\" alt=\"4a2013.jpg\" title=\"4.A Spole\u010densk\u00fd d\u016fm Casino\" width=\"600\" height=\"400\" align=\"middle\" \/><\/a>  \n<\/p>\n<p align=\"center\">\n<a href=\"http:\/\/www.hotelovaskola.cz\/2013\/ples_4b\/\" target=\"_blank\" title=\"4.B Spole\u010densk\u00fd d\u016fm Casino\"><span style=\"font-size: 18pt\"><strong>4.B<\/strong> - 1. \u00fanora 2013<\/span><\/a> \n<\/p>\n<p align=\"center\">\n<a href=\"http:\/\/www.hotelovaskola.cz\/2013\/ples_4b\/\" target=\"_blank\" title=\"4.B Spole\u010densk\u00fd d\u016fm Casino\"><img decoding=\"async\" style=\"height: 400px; width: 600px; margin: 5px\" src=\"https:\/\/www.hotelovaskola.cz\/JOOMLA\/images\/stories\/2013\/4b2013.jpg\" border=\"0\" alt=\"4.B Spole\u010densk\u00fd d\u016fm Casino\" title=\"4.B Spole\u010densk\u00fd d\u016fm Casino\" width=\"600\" height=\"400\" align=\"middle\" \/><\/a> \n<\/p>\n<p align=\"center\">\n<a href=\"http:\/\/www.hotelovaskola.cz\/2013\/ples_4c\/\" target=\"_blank\" title=\"4.C Spole\u010densk\u00fd d\u016fm Casino\"><span style=\"font-size: 18pt\"><strong>4.C<\/strong> - 15. \u00fanora 2013<\/span><\/a> \n<\/p>\n<p align=\"center\">\n<a href=\"http:\/\/www.hotelovaskola.cz\/2013\/ples_4c\/\" target=\"_blank\" title=\"4.C Spole\u010densk\u00fd d\u016fm Casino\"><img decoding=\"async\" style=\"height: 400px; width: 600px; margin: 5px\" src=\"https:\/\/www.hotelovaskola.cz\/JOOMLA\/images\/stories\/2013\/4c2013.jpg\" border=\"0\" alt=\"4.C Spole\u010densk\u00fd d\u016fm Casino\" title=\"4.C Spole\u010densk\u00fd d\u016fm Casino\" width=\"600\" height=\"400\" align=\"middle\" \/><\/a>  \n<\/p>\n<p align=\"center\">\n<a href=\"http:\/\/www.hotelovaskola.cz\/2013\/ples_4d\/\" target=\"_blank\" title=\"4.D Kulturn\u00ed d\u016fm Svoboda Cheb\"><span style=\"font-size: 18pt\"><strong>4.D<\/strong> - 9. \u00fanora 2013<\/span><\/a> \n<\/p>\n<p align=\"center\">\n<a href=\"http:\/\/www.hotelovaskola.cz\/2013\/ples_4d\/\" target=\"_blank\" title=\"4.D Kulturn\u00ed d\u016fm Svoboda Cheb\"><img decoding=\"async\" style=\"height: 400px; width: 600px; margin: 5px\" src=\"https:\/\/www.hotelovaskola.cz\/JOOMLA\/images\/stories\/2013\/4d2013.jpg\" border=\"0\" alt=\"4d2013.jpg\" title=\"4.D Kulturn\u00ed d\u016fm Svoboda Cheb\" width=\"600\" height=\"400\" align=\"middle\" \/><\/a> \n<\/p>\n<hr \/>\n<p align=\"center\">\n<a href=\"http:\/\/www.hotelovaskola.cz\/2012\/ples_4c\/index.htm\" target=\"_blank\" title=\"4.B Spole\u010densk\u00fd d\u016fm Casino\"><span style=\"font-size: 18pt\"><strong>4.C<\/strong> - 24. \u00fanora 2012<\/span><\/a> \n<\/p>\n<p align=\"center\">\n<a href=\"http:\/\/www.hotelovaskola.cz\/2012\/ples_4c\/index.htm\" target=\"_blank\" title=\"4.B Spole\u010densk\u00fd d\u016fm Casino\"><img decoding=\"async\" style=\"height: 349px; width: 600px; margin: 5px\" src=\"https:\/\/www.hotelovaskola.cz\/JOOMLA\/images\/stories\/2012\/4c2012.jpg\" border=\"0\" alt=\"4.C Spole\u010densk\u00fd d\u016fm Casino\" title=\"4.C Spole\u010densk\u00fd d\u016fm Casino\" width=\"600\" height=\"349\" align=\"middle\" \/><\/a> \n<\/p>\n<p align=\"center\">\n<span style=\"font-size: 18pt\"><a href=\"http:\/\/www.hotelovaskola.cz\/2012\/ples_4a\/index.htm\" target=\"_blank\" title=\"4.A Spole\u010densk\u00fd d\u016fm Casino\"><strong>4.A<\/strong> - 13. ledna 2012<\/a><\/span> \n<\/p>\n<p align=\"center\">\n<a href=\"http:\/\/www.hotelovaskola.cz\/2012\/ples_4a\/index.htm\" target=\"_blank\" title=\"4.A Spole\u010densk\u00fd d\u016fm Casino\"><img decoding=\"async\" style=\"height: 400px; width: 600px; margin: 5px\" src=\"https:\/\/www.hotelovaskola.cz\/JOOMLA\/images\/stories\/2012\/4a2012.jpg\" border=\"0\" alt=\"4.A Spole\u010densk\u00fd d\u016fm Casino\" title=\"4.A Spole\u010densk\u00fd d\u016fm Casino\" width=\"600\" height=\"400\" align=\"middle\" \/><\/a> \n<\/p>\n<hr \/>\n<span style=\"font-size: 18pt\"><strong>\n<p align=\"center\">\n<span style=\"font-size: 18pt\"><a href=\"http:\/\/www.hotelovaskola.cz\/2011\/ples_4a\/index.htm\" target=\"_blank\" title=\"4.A Spole\u010densk\u00fd d\u016fm Casino\"><strong>4.A<\/strong> - 26. \u00fanora 2011<\/a><\/span> \n<\/p>\n<p align=\"center\">\n<a href=\"http:\/\/www.hotelovaskola.cz\/2011\/ples_4a\/index.htm\" target=\"_blank\" title=\"4.A Spole\u010densk\u00fd d\u016fm Casino\"><img decoding=\"async\" style=\"height: 400px; width: 600px; margin: 5px\" src=\"https:\/\/www.hotelovaskola.cz\/JOOMLA\/images\/stories\/2011\/4a2011.jpg\" border=\"0\" alt=\"4.A Spole\u010densk\u00fd d\u016fm Casino\" title=\"4.A Spole\u010densk\u00fd d\u016fm Casino\" width=\"600\" height=\"400\" align=\"middle\" \/><\/a> \n<\/p>\n<span style=\"font-size: 18pt\"><strong>\n<p align=\"center\">\n<span style=\"font-size: 18pt\"><a href=\"http:\/\/www.hotelovaskola.cz\/2011\/ples_4c\/index.htm\" target=\"_blank\" title=\"4.C Spole\u010densk\u00fd d\u016fm Casino\"><strong>4.C<\/strong> - 26. \u00fanora 2011<\/a><\/span> \n<\/p>\n<p align=\"center\">\n<a href=\"http:\/\/www.hotelovaskola.cz\/2011\/ples_4c\/index.htm\" target=\"_blank\" title=\"4.C Spole\u010densk\u00fd d\u016fm Casino\"><img decoding=\"async\" style=\"height: 400px; width: 600px; margin: 5px\" src=\"https:\/\/www.hotelovaskola.cz\/JOOMLA\/images\/stories\/2011\/4c2011.jpg\" border=\"0\" alt=\"4.C Spole\u010densk\u00fd d\u016fm Casino\" title=\"4.C Spole\u010densk\u00fd d\u016fm Casino\" width=\"600\" height=\"400\" align=\"middle\" \/><\/a> \n<\/p>\n<span style=\"font-size: 18pt\"><strong>\n<p align=\"center\">\n<a href=\"http:\/\/www.hotelovaskola.cz\/2011\/u2sa\/\" target=\"_blank\"><span style=\"font-size: 18pt\"><strong>2.SA<\/strong> - 18. \u00fanora 2011<\/span> <\/a>\n<\/p>\n<\/strong><\/span>\n<p align=\"center\">\n<a href=\"http:\/\/www.hotelovaskola.cz\/2011\/u2sa\/\" target=\"_blank\"><img decoding=\"async\" style=\"height: 399px; width: 600px; margin: 5px\" src=\"https:\/\/www.hotelovaskola.cz\/JOOMLA\/images\/stories\/2011\/2sa2011.jpg\" border=\"0\" alt=\"2sa2011.jpg\" title=\"2sa2011.jpg\" width=\"600\" height=\"399\" align=\"middle\" \/><\/a> \n<\/p>\n<span style=\"font-size: 18pt\"><strong>\n<p align=\"center\">\n<a href=\"http:\/\/www.hotelovaskola.cz\/2011\/4b_2011\/\" target=\"_blank\" title=\"4.B\"><span style=\"font-size: 18pt\"><strong>4.B<\/strong> - 5. \u00fanora 2011<\/span> <\/a>\n<\/p>\n<\/strong><\/span>\n<p align=\"center\">\n<a href=\"http:\/\/www.hotelovaskola.cz\/2011\/4b_2011\/\" target=\"_blank\" title=\"4.B\"><img decoding=\"async\" style=\"height: 400px; width: 600px; margin: 5px\" src=\"https:\/\/www.hotelovaskola.cz\/JOOMLA\/images\/stories\/2011\/4b2011.jpg\" border=\"0\" alt=\"4b2011.jpg\" title=\"4b2011.jpg\" width=\"600\" height=\"400\" align=\"middle\" \/><\/a> \n<\/p>\n<span style=\"font-size: 18pt\"><strong>\n<p align=\"center\">\n<a href=\"http:\/\/www.hotelovaskola.cz\/2011\/4ob2011\" target=\"_blank\" title=\"u4.Ob - 2011\"><span style=\"font-size: 18pt\"><strong>u4.Ob<\/strong> - 29. ledna 2011<\/span> <\/a>\n<\/p>\n<\/strong><\/span>\n<p align=\"center\">\n<a href=\"http:\/\/www.hotelovaskola.cz\/2011\/4ob2011\" target=\"_blank\" title=\"u4.Ob - 2011\"><img decoding=\"async\" src=\"https:\/\/www.hotelovaskola.cz\/JOOMLA\/images\/stories\/2011\/4ob2011.jpg\" border=\"0\" alt=\"\" width=\"600\" height=\"400\" \/><\/a> \n<\/p>\n<span style=\"font-size: 18pt\"><strong>\n<hr \/>\n<p style=\"display: inline !important\" align=\"center\">\n<strong style=\"font-size: 18pt\"><strong><strong><a href=\"http:\/\/mirasoft.cz\/galerie\/2010\/4bhs\/index.htm\" target=\"_blank\"> <\/a><a href=\"http:\/\/www.hotelovaskola.cz\/2010\/4b2010\" target=\"_blank\"><span style=\"font-size: 18pt\"><strong>4.B<\/strong> - 5. \u00fanora 2010<\/span><\/a><\/strong><\/strong><\/strong> \n<\/p>\n<\/strong><\/span><\/strong><\/span><\/strong><\/span>\n<p style=\"text-align: center\" align=\"center\">\n<a href=\"http:\/\/www.hotelovaskola.cz\/2010\/4b2010\" target=\"_blank\"><img decoding=\"async\" style=\"margin: 5px; border-image: none; border: #000000 1px\" src=\"http:\/\/www.hotelovaskola.cz\/dokumenty\/4b.jpg\" alt=\" \" width=\"600\" height=\"400\" align=\"middle\" \/><\/a> \n<\/p>\n<p style=\"text-align: center\" align=\"center\">\n<a href=\"http:\/\/www.hotelovaskola.cz\/2010\/4c2010\" target=\"_blank\"><span style=\"font-size: 18pt\"><strong>4.C<\/strong> - 12. \u00fanora 2010<\/span> <\/a>\n<\/p>\n<p style=\"text-align: center\" align=\"center\">\n<a href=\"http:\/\/www.hotelovaskola.cz\/2010\/4c2010\" target=\"_blank\"><img decoding=\"async\" style=\"margin: 5px; border-image: none; border: #000000 1px\" src=\"http:\/\/www.hotelovaskola.cz\/dokumenty\/4c.jpg\" alt=\" \" width=\"600\" height=\"406\" align=\"middle\" \/><\/a> \n<\/p>\n<div class=\"fusion-clearfix\"><\/div><\/div><\/div><\/div><\/div>\n","protected":false},"excerpt":{"rendered":"","protected":false},"author":3,"featured_media":0,"parent":0,"menu_order":0,"comment_status":"closed","ping_status":"closed","template":"","meta":{"footnotes":""},"class_list":["post-2178","page","type-page","status-publish","hentry"],"_links":{"self":[{"href":"https:\/\/hotel-school.eu\/wp-index.php\/wp-json\/wp\/v2\/pages\/2178","targetHints":{"allow":["GET"]}}],"collection":[{"href":"https:\/\/hotel-school.eu\/wp-index.php\/wp-json\/wp\/v2\/pages"}],"about":[{"href":"https:\/\/hotel-school.eu\/wp-index.php\/wp-json\/wp\/v2\/types\/page"}],"author":[{"embeddable":true,"href":"https:\/\/hotel-school.eu\/wp-index.php\/wp-json\/wp\/v2\/users\/3"}],"replies":[{"embeddable":true,"href":"https:\/\/hotel-school.eu\/wp-index.php\/wp-json\/wp\/v2\/comments?post=2178"}],"version-history":[{"count":30,"href":"https:\/\/hotel-school.eu\/wp-index.php\/wp-json\/wp\/v2\/pages\/2178\/revisions"}],"predecessor-version":[{"id":4235,"href":"https:\/\/hotel-school.eu\/wp-index.php\/wp-json\/wp\/v2\/pages\/2178\/revisions\/4235"}],"wp:attachment":[{"href":"https:\/\/hotel-school.eu\/wp-index.php\/wp-json\/wp\/v2\/media?parent=2178"}],"curies":[{"name":"wp","href":"https:\/\/api.w.org\/{rel}","templated":true}]}}