{"id":2293,"date":"2022-01-05T14:25:07","date_gmt":"2022-01-05T13:25:07","guid":{"rendered":"https:\/\/hotel-school.eu\/wp-index.php\/?page_id=2293"},"modified":"2025-09-30T09:07:31","modified_gmt":"2025-09-30T08:07:31","slug":"nadacni-fond-hotelove-skoly-v-marianskych-laznich","status":"publish","type":"page","link":"https:\/\/hotel-school.eu\/wp-index.php\/nadacni-fond-hotelove-skoly-v-marianskych-laznich\/","title":{"rendered":"Nada\u010dn\u00ed fond Hotelov\u00e9 \u0161koly v Mari\u00e1nsk\u00fdch L\u00e1zn\u00edch"},"content":{"rendered":"<div align=\"center\">\n<p align=\"justify\"><strong>Nada\u010dn\u00ed fond Hotelov\u00e9 \u0161koly v Mari\u00e1nsk\u00fdch L\u00e1zn\u00edch<\/strong> <span style=\"font-weight: normal;\">je samostatn\u00fd org\u00e1n sdru\u017euj\u00edc\u00ed rodi\u010de a p\u0159\u00e1tele \u0161koly. Jeho c\u00edlem je rozvoj ml\u00e1de\u017ee v hotelov\u00e9m \u0161kolstv\u00ed a tak\u00e9 kompenzace nedostate\u010dn\u00e9ho materi\u00e1ln\u00edho vybaven\u00ed \u0161koly. D\u00e1le podporuje zveleben\u00ed objektu \u0161koly, spolupr\u00e1ci s ve\u0159ejnost\u00ed, propagaci \u0161koly, zahrani\u010dn\u00ed styky a soci\u00e1ln\u00ed \u010dinnosti.<\/span><\/p>\n<p align=\"justify\"><span style=\"font-weight: normal;\">Pro \u0161koln\u00ed rok 2025\/2026 je stanoven p\u0159\u00edsp\u011bvek na 350, &#8211; K\u010d, kter\u00fd lze uhradit na \u00fa\u010det NF. Do pozn\u00e1mky je nutn\u00e9 uv\u00e9st jm\u00e9no a t\u0159\u00eddu \u017e\u00e1ka.<br \/>\n<\/span><\/p>\n<p align=\"justify\"><span style=\"font-weight: normal;\">V p\u0159\u00edpad\u011b, \u017ee \u017e\u00e1k neuhrad\u00ed p\u0159\u00edsp\u011bvek, nem\u016f\u017ee \u010derpat v\u00fdhody NF.<br \/>\n<\/span><\/p>\n<p align=\"justify\"><span style=\"font-weight: normal;\">Kontakt: Martina Nejedl\u00e1<br \/>\nTel.: 725 887 641<br \/>\nI\u010cO: 25223691<br \/>\n<strong>\u010d. \u00fa\u010dtu: 0782197329\/0800<\/strong><\/span><\/p>\n<\/div>\n","protected":false},"excerpt":{"rendered":"<p>Nada\u010dn\u00ed fond Hotelov\u00e9 \u0161koly v Mari\u00e1nsk\u00fdch L\u00e1zn\u00edch je samostatn\u00fd org\u00e1n sdru\u017euj\u00edc\u00ed rodi\u010de a p\u0159\u00e1tele \u0161koly. Jeho c\u00edlem je rozvoj ml\u00e1de\u017ee v hotelov\u00e9m \u0161kolstv\u00ed a tak\u00e9 kompenzace nedostate\u010dn\u00e9ho materi\u00e1ln\u00edho vybaven\u00ed \u0161koly. D\u00e1le podporuje zveleben\u00ed objektu \u0161koly, spolupr\u00e1ci s ve\u0159ejnost\u00ed, propagaci \u0161koly, zahrani\u010dn\u00ed styky a soci\u00e1ln\u00ed \u010dinnosti. Pro \u0161koln\u00ed rok 2025\/2026 [&hellip;]<\/p>\n","protected":false},"author":3,"featured_media":0,"parent":0,"menu_order":0,"comment_status":"closed","ping_status":"closed","template":"","meta":{"footnotes":""},"class_list":["post-2293","page","type-page","status-publish","hentry"],"_links":{"self":[{"href":"https:\/\/hotel-school.eu\/wp-index.php\/wp-json\/wp\/v2\/pages\/2293","targetHints":{"allow":["GET"]}}],"collection":[{"href":"https:\/\/hotel-school.eu\/wp-index.php\/wp-json\/wp\/v2\/pages"}],"about":[{"href":"https:\/\/hotel-school.eu\/wp-index.php\/wp-json\/wp\/v2\/types\/page"}],"author":[{"embeddable":true,"href":"https:\/\/hotel-school.eu\/wp-index.php\/wp-json\/wp\/v2\/users\/3"}],"replies":[{"embeddable":true,"href":"https:\/\/hotel-school.eu\/wp-index.php\/wp-json\/wp\/v2\/comments?post=2293"}],"version-history":[{"count":5,"href":"https:\/\/hotel-school.eu\/wp-index.php\/wp-json\/wp\/v2\/pages\/2293\/revisions"}],"predecessor-version":[{"id":4381,"href":"https:\/\/hotel-school.eu\/wp-index.php\/wp-json\/wp\/v2\/pages\/2293\/revisions\/4381"}],"wp:attachment":[{"href":"https:\/\/hotel-school.eu\/wp-index.php\/wp-json\/wp\/v2\/media?parent=2293"}],"curies":[{"name":"wp","href":"https:\/\/api.w.org\/{rel}","templated":true}]}}