{"id":2306,"date":"2022-01-05T14:47:09","date_gmt":"2022-01-05T13:47:09","guid":{"rendered":"https:\/\/hotel-school.eu\/wp-index.php\/?page_id=2306"},"modified":"2026-01-23T13:07:52","modified_gmt":"2026-01-23T12:07:52","slug":"kontaktni-maily","status":"publish","type":"page","link":"https:\/\/hotel-school.eu\/wp-index.php\/kontaktni-maily\/","title":{"rendered":"Kontaktn\u00ed maily"},"content":{"rendered":"<div class=\"fusion-fullwidth fullwidth-box fusion-builder-row-1 fusion-flex-container nonhundred-percent-fullwidth non-hundred-percent-height-scrolling\" style=\"background-color: rgba(255,255,255,0);background-position: center center;background-repeat: no-repeat;border-width: 0px 0px 0px 0px;border-color:#e7e4e2;border-style:solid;\" ><div class=\"fusion-builder-row fusion-row fusion-flex-align-items-flex-start\" style=\"max-width:1331.2px;margin-left: calc(-4% \/ 2 );margin-right: calc(-4% \/ 2 );\"><div class=\"fusion-layout-column fusion_builder_column fusion-builder-column-0 fusion_builder_column_1_1 1_1 fusion-flex-column\"><div class=\"fusion-column-wrapper fusion-flex-justify-content-flex-start fusion-content-layout-column\" style=\"background-position:left top;background-repeat:no-repeat;-webkit-background-size:cover;-moz-background-size:cover;-o-background-size:cover;background-size:cover;padding: 0px 0px 0px 0px;\">\n<div class=\"table-2\">\n<table width=\"100%\">\n<thead>\n<tr>\n<th align=\"left\">P\u0159\u00edjmen\u00ed a jm\u00e9no<\/th>\n<th align=\"left\">E-mail<\/th>\n<th align=\"left\"><\/th>\n<\/tr>\n<\/thead>\n<tbody>\n<tr>\n<td align=\"left\">Ing. Babka Karel<\/td>\n<td align=\"left\">karel.babka@hotelovaskola.cz<\/td>\n<td align=\"left\"><\/td>\n<\/tr>\n<tr>\n<td align=\"left\">Bc. Beckov\u00e1 Mark\u00e9ta<\/td>\n<td align=\"left\">marketa.beckova@hotelovaskola.cz<\/td>\n<td align=\"left\">t\u0159\u00eddn\u00ed u\u010ditelka 3.E<\/td>\n<\/tr>\n<tr>\n<td align=\"left\">Mgr. Cik Zden\u011bk<\/td>\n<td align=\"left\">zdenek.cik@hotelovaskola.cz<\/td>\n<td align=\"left\">t\u0159\u00eddn\u00ed u\u010ditel 1.A<\/td>\n<\/tr>\n<tr>\n<td align=\"left\">Dokulilov\u00e1 Sofie<\/td>\n<td align=\"left\">sofie.dokulilova@hotelovaskola.cz<\/td>\n<td align=\"left\"><\/td>\n<\/tr>\n<tr>\n<td align=\"left\"><strong>Ing. Fri\u010dlov\u00e1 Lucie<\/strong><\/td>\n<td align=\"left\"><strong>lucie.friclova@hotelovaskola.cz<\/strong><\/td>\n<td align=\"left\"><strong>\u0159editelka \u0161koly<\/strong><\/td>\n<\/tr>\n<tr>\n<td align=\"left\">Grosmanov\u00e1 Jana<\/td>\n<td align=\"left\">jana.grosmanova@hotelovaskola.cz<\/td>\n<td align=\"left\"><\/td>\n<\/tr>\n<tr>\n<td align=\"left\">Mgr. Herov\u00e1 Marcela<\/td>\n<td align=\"left\">marcela.herova@hotelovaskola.cz<\/td>\n<td align=\"left\"><\/td>\n<\/tr>\n<tr>\n<td align=\"left\">Mgr. Holick\u00e1 Marie<\/td>\n<td align=\"left\">marie.holicka@hotelovaskola.cz<\/td>\n<td align=\"left\"><\/td>\n<\/tr>\n<tr>\n<td align=\"left\">Ing. Chumov\u00e1 Lucie<\/td>\n<td align=\"left\">lucie.chumova@hotelovaskola.cz<\/td>\n<td align=\"left\"><\/td>\n<\/tr>\n<tr>\n<td align=\"left\">Mgr. Je\u0159\u00e1bkov\u00e1 \u0160\u00e1rka<\/td>\n<td align=\"left\">sarka.jerabkova@hotelovaskola.cz<\/td>\n<td align=\"left\">t\u0159\u00eddn\u00ed u\u010ditelka 4.B<\/td>\n<\/tr>\n<tr>\n<td align=\"left\">Ing. Kantnerov\u00e1 Lib\u011bna, PhD.<\/td>\n<td align=\"left\">libena.kantnerova@hotelovaskola.cz<\/td>\n<td align=\"left\"><\/td>\n<\/tr>\n<tr>\n<td align=\"left\">Mgr. Kod\u00fdtkov\u00e1 Lucie<\/td>\n<td align=\"left\">lucie.kodytkova@hotelovaskola.cz<\/td>\n<td align=\"left\">t\u0159\u00eddn\u00ed u\u010ditelka 1.E<\/td>\n<\/tr>\n<tr>\n<td align=\"left\">Korec Daniel<\/td>\n<td align=\"left\">daniel.koreca@hotelovaskola.cz<\/td>\n<td align=\"left\"><\/td>\n<\/tr>\n<tr>\n<td align=\"left\">Ing. Kova\u010dov\u00e1 Jana<\/td>\n<td align=\"left\">jana.kovacova@hotelovaskola.cz<\/td>\n<td align=\"left\">t\u0159\u00eddn\u00ed u\u010ditelka 3.B<\/td>\n<\/tr>\n<tr>\n<td align=\"left\">Kub\u00edk Petr<\/td>\n<td align=\"left\">petr.kubik@hotelovaskola.cz<\/td>\n<td align=\"left\"><\/td>\n<\/tr>\n<tr>\n<td align=\"left\">Ing. Kub\u00ednov\u00e1 Kl\u00e1ra<\/td>\n<td align=\"left\">klara.kubinova@hotelovaskola.cz<\/td>\n<td align=\"left\">z\u00e1stupce \u0159editele pro praxi, projektovou \u010dinnost, marketing a PR<\/td>\n<\/tr>\n<tr>\n<td align=\"left\">Mgr. Kucharikov\u00e1 Gabriela, MBA, MSc.<\/td>\n<td align=\"left\">gabriela.kucharikova@hotelovaskola.cz<\/td>\n<td align=\"left\">v\u00fdchovn\u00fd poradce, t\u0159\u00eddn\u00ed u\u010ditelka 2.B<\/td>\n<\/tr>\n<tr>\n<td align=\"left\">Ing. Ludwickov\u00e1 Aida<\/td>\n<td align=\"left\">aida.ludwickova@hotelovaskola.cz<\/td>\n<td align=\"left\">t\u0159\u00eddn\u00ed u\u010ditelka 2.A<\/td>\n<\/tr>\n<tr>\n<td align=\"left\">Mgr. Mikyskov\u00e1 \u0160\u00e1rka<\/td>\n<td align=\"left\">sarka.mikyskova@hotelovaskola.cz<\/td>\n<td align=\"left\"><\/td>\n<\/tr>\n<tr>\n<td align=\"left\">Mgr. Nov\u00e1\u010dkov\u00e1 Marcela<\/td>\n<td align=\"left\">marcela.novackova@hotelovaskola.cz<\/td>\n<td align=\"left\"><\/td>\n<\/tr>\n<tr>\n<td align=\"left\">Plach\u00fd V\u00e1clav<\/td>\n<td align=\"left\">vaclav.plachy@hotelovaskola.cz<\/td>\n<td align=\"left\"><\/td>\n<\/tr>\n<tr>\n<td align=\"left\">Mgr. P\u0159ib\u00e1\u0148 Franti\u0161ek<\/td>\n<td align=\"left\">frantisek.priban@hotelovaskola.cz<\/td>\n<td align=\"left\">t\u0159\u00eddn\u00ed u\u010ditel 3.A<\/td>\n<\/tr>\n<tr>\n<td align=\"left\">Mgr. Pt\u00e1kov\u00e1 Olga<\/td>\n<td align=\"left\">olga.ptakova@hotelovaskola.cz<\/td>\n<td align=\"left\">t\u0159\u00eddn\u00ed u\u010ditelka 1.D<\/td>\n<\/tr>\n<tr>\n<td align=\"left\">Rathous Hubinsk\u00e1 V\u011bra<\/td>\n<td align=\"left\">vera.hubinska@hotelovaskola.cz<\/td>\n<td align=\"left\"><\/td>\n<\/tr>\n<tr>\n<td align=\"left\">Mgr. Rivny Igor, PhD.<\/td>\n<td align=\"left\">igor.rivny@hotelovaskola.cz<\/td>\n<td align=\"left\">t\u0159\u00eddn\u00ed u\u010ditel 1.C<\/td>\n<\/tr>\n<tr>\n<td align=\"left\">Ing. \u0158\u00edhov\u00e1 Eva<\/td>\n<td align=\"left\">eva.rihova@hotelovaskola.cz<\/td>\n<td align=\"left\">t\u0159\u00eddn\u00ed u\u010ditelka 1.SA<\/td>\n<\/tr>\n<tr>\n<td align=\"left\">Mgr. Sad\u00edlkov\u00e1 Dagmar<\/td>\n<td align=\"left\">dagmar.sadilkova@hotelovaskola.cz<\/td>\n<td align=\"left\">\u0161koln\u00ed metodik prevence, t\u0159\u00eddn\u00ed u\u010ditelka 2.D<\/td>\n<\/tr>\n<tr>\n<td align=\"left\">Stretzov\u00e1 Marie<\/td>\n<td align=\"left\">marie.stretzova@hotelovaskola.cz<\/td>\n<td align=\"left\"><\/td>\n<\/tr>\n<tr>\n<td align=\"left\">Strnadov\u00e1 Milena<\/td>\n<td align=\"left\">milena.strnadova@hotelovaskola.cz<\/td>\n<td align=\"left\"><\/td>\n<\/tr>\n<tr>\n<td align=\"left\">Mgr. \u0160mejkalov\u00e1 Petra<\/td>\n<td align=\"left\">petra.smejkalova@hotelovaskola.cz<\/td>\n<td align=\"left\">t\u0159\u00eddn\u00ed u\u010ditelka 4.A<\/td>\n<\/tr>\n<tr>\n<td align=\"left\">\u0160merda Martin<\/td>\n<td align=\"left\">martin.smerda@hotelovaskola.cz<\/td>\n<td align=\"left\"><\/td>\n<\/tr>\n<tr>\n<td align=\"left\">Mgr. Tom\u00e1nek Zden\u011bk<\/td>\n<td align=\"left\">zdenek.tomanek@hotelovaskola.cz<\/td>\n<td align=\"left\"><\/td>\n<\/tr>\n<tr>\n<td align=\"left\">Ing. Urbanov\u00e1 Rita<\/td>\n<td align=\"left\">rita.urbanova@hotelovaskola.cz<\/td>\n<td align=\"left\">t\u0159\u00eddn\u00ed u\u010ditelka 2.E<\/td>\n<\/tr>\n<tr>\n<td align=\"left\">Mgr. Vale\u010dkov\u00e1 Petra<\/td>\n<td align=\"left\">petra.valeckova@hotelovaskola.cz<\/td>\n<td align=\"left\">t\u0159\u00eddn\u00ed u\u010ditelka 1.B<\/td>\n<\/tr>\n<tr>\n<td align=\"left\">Mgr. Vlnat\u00e1 Daniela<\/td>\n<td align=\"left\">daniela.vlnata@hotelovaskola.cz<\/td>\n<td align=\"left\"><\/td>\n<\/tr>\n<tr>\n<td align=\"left\">Ing. Volm\u016ft Jind\u0159ich<\/td>\n<td align=\"left\">jindrich.volmut@hotelovaskola.cz<\/td>\n<td align=\"left\"><\/td>\n<\/tr>\n<tr>\n<td align=\"left\">Mgr. Vo\u0148avkov\u00e1 Lenka<\/td>\n<td align=\"left\">lenka.vonavkova@hotelovaskola.cz<\/td>\n<td align=\"left\">z\u00e1stupce \u0159editele, t\u0159\u00eddn\u00ed u\u010ditelka 3.D<\/td>\n<\/tr>\n<tr>\n<td align=\"left\">Zajacov\u00e1 Jana<\/td>\n<td align=\"left\">jana.zajacova@hotelovaskola.cz<\/td>\n<td align=\"left\">vedouc\u00ed u\u010ditelka OV<\/td>\n<\/tr>\n<tr>\n<td align=\"left\">Ing. Zaj\u00ed\u010dek Ji\u0159\u00ed<\/td>\n<td align=\"left\">jiri.zajicek@hotelovaskola.cz<\/td>\n<td align=\"left\"><\/td>\n<\/tr>\n<tr>\n<td align=\"left\">Mgr. Zenkl Petr<\/td>\n<td align=\"left\">petr.zenkl@hotelovaskola.cz<\/td>\n<td align=\"left\">z\u00e1stupce \u0159editele<\/td>\n<\/tr>\n<\/tbody>\n<\/table>\n<\/div>\n<\/div><style type=\"text\/css\">.fusion-body .fusion-builder-column-0{width:100% !important;margin-top : 10px;margin-bottom : 10px;}.fusion-builder-column-0 > .fusion-column-wrapper {padding-top : 0px !important;padding-right : 0px !important;margin-right : 1.92%;padding-bottom : 0px !important;padding-left : 0px !important;margin-left : 1.92%;}@media only screen and (max-width:1024px) {.fusion-body .fusion-builder-column-0{width:100% !important;order : 0;}.fusion-builder-column-0 > .fusion-column-wrapper {margin-right : 1.92%;margin-left : 1.92%;}}@media only screen and (max-width:640px) {.fusion-body .fusion-builder-column-0{width:100% !important;order : 0;}.fusion-builder-column-0 > .fusion-column-wrapper {margin-right : 1.92%;margin-left : 1.92%;}}<\/style><\/div><\/div><style type=\"text\/css\">.fusion-body .fusion-flex-container.fusion-builder-row-1{ padding-top : 0px;margin-top : 0px;padding-right : 0px;padding-bottom : 0px;margin-bottom : 0px;padding-left : 0px;}<\/style><\/div>\n","protected":false},"excerpt":{"rendered":"","protected":false},"author":3,"featured_media":0,"parent":0,"menu_order":0,"comment_status":"closed","ping_status":"closed","template":"","meta":{"footnotes":""},"class_list":["post-2306","page","type-page","status-publish","hentry"],"_links":{"self":[{"href":"https:\/\/hotel-school.eu\/wp-index.php\/wp-json\/wp\/v2\/pages\/2306","targetHints":{"allow":["GET"]}}],"collection":[{"href":"https:\/\/hotel-school.eu\/wp-index.php\/wp-json\/wp\/v2\/pages"}],"about":[{"href":"https:\/\/hotel-school.eu\/wp-index.php\/wp-json\/wp\/v2\/types\/page"}],"author":[{"embeddable":true,"href":"https:\/\/hotel-school.eu\/wp-index.php\/wp-json\/wp\/v2\/users\/3"}],"replies":[{"embeddable":true,"href":"https:\/\/hotel-school.eu\/wp-index.php\/wp-json\/wp\/v2\/comments?post=2306"}],"version-history":[{"count":20,"href":"https:\/\/hotel-school.eu\/wp-index.php\/wp-json\/wp\/v2\/pages\/2306\/revisions"}],"predecessor-version":[{"id":4838,"href":"https:\/\/hotel-school.eu\/wp-index.php\/wp-json\/wp\/v2\/pages\/2306\/revisions\/4838"}],"wp:attachment":[{"href":"https:\/\/hotel-school.eu\/wp-index.php\/wp-json\/wp\/v2\/media?parent=2306"}],"curies":[{"name":"wp","href":"https:\/\/api.w.org\/{rel}","templated":true}]}}