{"id":2385,"date":"2023-08-17T00:51:55","date_gmt":"2023-08-16T23:51:55","guid":{"rendered":"https:\/\/hotel-school.eu\/wp-index.php\/?page_id=2385"},"modified":"2023-08-17T01:08:36","modified_gmt":"2023-08-17T00:08:36","slug":"formulare-gdpr","status":"publish","type":"page","link":"https:\/\/hotel-school.eu\/wp-index.php\/formulare-gdpr\/","title":{"rendered":"Formul\u00e1\u0159e pro uplatn\u011bn\u00ed pr\u00e1v subjekt\u016f \u00fadaj\u016f"},"content":{"rendered":"<h4>\u017d\u00e1dost subjektu \u00fadaj\u016f &#8211; pr\u00e1vo na p\u0159\u00edstup k informac\u00edm &#8211; <a href=\"https:\/\/www.hotelovaskola.cz\/dokumenty\/GDPR\/Formular-Pristup.docx\" target=\"_blank\" rel=\"noopener\"><u>St\u00e1hnout<\/u><\/a><br \/>\n\u017d\u00e1dost subjektu \u00fadaj\u016f &#8211; pr\u00e1vo na opravu a dopln\u011bn\u00ed &#8211; <a href=\"https:\/\/www.hotelovaskola.cz\/dokumenty\/GDPR\/Formular-Oprava.docx\" target=\"_blank\" rel=\"noopener\"><u>St\u00e1hnout<\/u><\/a><br \/>\n\u017d\u00e1dost subjektu \u00fadaj\u016f &#8211; pr\u00e1vo na v\u00fdmaz osobn\u00edch \u00fadaj\u016f &#8211; <a href=\"https:\/\/www.hotelovaskola.cz\/dokumenty\/GDPR\/Formular-Vymaz.docx\" target=\"_blank\" rel=\"noopener\"><u>St\u00e1hnout<\/u><\/a><br \/>\n\u017d\u00e1dost subjektu \u00fadaj\u016f &#8211; pr\u00e1vo vzn\u00e9st n\u00e1mitku &#8211; <a href=\"https:\/\/www.hotelovaskola.cz\/dokumenty\/GDPR\/Formular-Namitka.docx\" target=\"_blank\" rel=\"noopener\"><u>St\u00e1hnout<\/u><\/a><br \/>\n\u017d\u00e1dost subjektu \u00fadaj\u016f &#8211; pr\u00e1vo na omezen\u00ed zpracov\u00e1n\u00ed &#8211; <a href=\"https:\/\/www.hotelovaskola.cz\/dokumenty\/GDPR\/Formular-Omezeni.docx\" target=\"_blank\" rel=\"noopener\"><u>St\u00e1hnout<\/u><\/a><br \/>\n\u017d\u00e1dost subjektu \u00fadaj\u016f &#8211; pr\u00e1vo na p\u0159enositelnost osobn\u00edch \u00fadaj\u016f &#8211; <a href=\"https:\/\/www.hotelovaskola.cz\/dokumenty\/GDPR\/Formular-Prenositelnost.docx\" target=\"_blank\" rel=\"noopener\"><u>St\u00e1hnout<\/u><\/a><\/h4>\n","protected":false},"excerpt":{"rendered":"<p>\u017d\u00e1dost subjektu \u00fadaj\u016f &#8211; pr\u00e1vo na p\u0159\u00edstup k informac\u00edm &#8211; St\u00e1hnout \u017d\u00e1dost subjektu \u00fadaj\u016f &#8211; pr\u00e1vo na opravu a dopln\u011bn\u00ed &#8211; St\u00e1hnout \u017d\u00e1dost subjektu \u00fadaj\u016f &#8211; pr\u00e1vo na v\u00fdmaz osobn\u00edch \u00fadaj\u016f &#8211; St\u00e1hnout \u017d\u00e1dost subjektu \u00fadaj\u016f &#8211; pr\u00e1vo vzn\u00e9st n\u00e1mitku &#8211; St\u00e1hnout \u017d\u00e1dost subjektu \u00fadaj\u016f &#8211; pr\u00e1vo na omezen\u00ed [&hellip;]<\/p>\n","protected":false},"author":3,"featured_media":0,"parent":0,"menu_order":0,"comment_status":"closed","ping_status":"closed","template":"","meta":{"footnotes":""},"class_list":["post-2385","page","type-page","status-publish","hentry"],"_links":{"self":[{"href":"https:\/\/hotel-school.eu\/wp-index.php\/wp-json\/wp\/v2\/pages\/2385","targetHints":{"allow":["GET"]}}],"collection":[{"href":"https:\/\/hotel-school.eu\/wp-index.php\/wp-json\/wp\/v2\/pages"}],"about":[{"href":"https:\/\/hotel-school.eu\/wp-index.php\/wp-json\/wp\/v2\/types\/page"}],"author":[{"embeddable":true,"href":"https:\/\/hotel-school.eu\/wp-index.php\/wp-json\/wp\/v2\/users\/3"}],"replies":[{"embeddable":true,"href":"https:\/\/hotel-school.eu\/wp-index.php\/wp-json\/wp\/v2\/comments?post=2385"}],"version-history":[{"count":4,"href":"https:\/\/hotel-school.eu\/wp-index.php\/wp-json\/wp\/v2\/pages\/2385\/revisions"}],"predecessor-version":[{"id":3079,"href":"https:\/\/hotel-school.eu\/wp-index.php\/wp-json\/wp\/v2\/pages\/2385\/revisions\/3079"}],"wp:attachment":[{"href":"https:\/\/hotel-school.eu\/wp-index.php\/wp-json\/wp\/v2\/media?parent=2385"}],"curies":[{"name":"wp","href":"https:\/\/api.w.org\/{rel}","templated":true}]}}