{"id":2417,"date":"2022-02-03T13:15:28","date_gmt":"2022-02-03T12:15:28","guid":{"rendered":"https:\/\/hotel-school.eu\/wp-index.php\/?page_id=2417"},"modified":"2023-12-28T09:29:45","modified_gmt":"2023-12-28T08:29:45","slug":"media","status":"publish","type":"page","link":"https:\/\/hotel-school.eu\/wp-index.php\/media\/","title":{"rendered":"Videa a fotografie"},"content":{"rendered":"<div class=\"fusion-fullwidth fullwidth-box fusion-builder-row-1 fusion-flex-container nonhundred-percent-fullwidth non-hundred-percent-height-scrolling\" style=\"background-color: rgba(255,255,255,0);background-position: center center;background-repeat: no-repeat;border-width: 0px 0px 0px 0px;border-color:#e7e4e2;border-style:solid;\" ><div class=\"fusion-builder-row fusion-row fusion-flex-align-items-flex-start\" style=\"max-width:1331.2px;margin-left: calc(-4% \/ 2 );margin-right: calc(-4% \/ 2 );\"><div class=\"fusion-layout-column fusion_builder_column fusion-builder-column-0 fusion_builder_column_1_3 1_3 fusion-flex-column\"><div class=\"fusion-column-wrapper fusion-flex-justify-content-flex-start fusion-content-layout-column\" style=\"background-position:left top;background-repeat:no-repeat;-webkit-background-size:cover;-moz-background-size:cover;-o-background-size:cover;background-size:cover;padding: 0px 0px 0px 0px;\"><div style=\"text-align:center;\"><span class=\" fusion-imageframe imageframe-none imageframe-1 hover-type-none\"><a class=\"fusion-no-lightbox\" href=\"https:\/\/my.matterport.com\/show\/?m=Cv2wPM5Qjns\" target=\"_blank\" aria-label=\"Komenskeho\" rel=\"noopener noreferrer\"><img decoding=\"async\" width=\"262\" height=\"160\" src=\"https:\/\/hotel-school.eu\/wp-content\/uploads\/2022\/02\/Komenskeho.jpg\" alt class=\"img-responsive wp-image-2424\" srcset=\"https:\/\/hotel-school.eu\/wp-content\/uploads\/2022\/02\/Komenskeho-200x122.jpg 200w, https:\/\/hotel-school.eu\/wp-content\/uploads\/2022\/02\/Komenskeho.jpg 262w\" sizes=\"(max-width: 1024px) 100vw, (max-width: 640px) 100vw, 262px\" \/><\/a><\/span><\/div><div class=\"fusion-text fusion-text-1\"><p style=\"text-align: center;\"><a href=\"https:\/\/my.matterport.com\/show\/?m=Cv2wPM5Qjns\" target=\"_blank\" rel=\"noopener\">Virtu\u00e1ln\u00ed prohl\u00eddka &#8211; Komensk\u00e9ho 449<\/a><\/p>\n<\/div><\/div><style type=\"text\/css\">.fusion-body .fusion-builder-column-0{width:33.333333333333% !important;margin-top : 10px;margin-bottom : 10px;}.fusion-builder-column-0 > .fusion-column-wrapper {padding-top : 0px !important;padding-right : 0px !important;margin-right : 5.76%;padding-bottom : 0px !important;padding-left : 0px !important;margin-left : 5.76%;}@media only screen and (max-width:1024px) {.fusion-body .fusion-builder-column-0{width:100% !important;order : 0;}.fusion-builder-column-0 > .fusion-column-wrapper {margin-right : 1.92%;margin-left : 1.92%;}}@media only screen and (max-width:640px) {.fusion-body .fusion-builder-column-0{width:100% !important;order : 0;}.fusion-builder-column-0 > .fusion-column-wrapper {margin-right : 1.92%;margin-left : 1.92%;}}<\/style><\/div><div class=\"fusion-layout-column fusion_builder_column fusion-builder-column-1 fusion_builder_column_1_3 1_3 fusion-flex-column\"><div class=\"fusion-column-wrapper fusion-flex-justify-content-flex-start fusion-content-layout-column\" style=\"background-position:left top;background-repeat:no-repeat;-webkit-background-size:cover;-moz-background-size:cover;-o-background-size:cover;background-size:cover;padding: 0px 0px 0px 0px;\"><div style=\"text-align:center;\"><span class=\" fusion-imageframe imageframe-none imageframe-2 hover-type-none\"><a class=\"fusion-no-lightbox\" href=\"https:\/\/my.matterport.com\/show\/?m=wmN5b8Qs2zx\" target=\"_blank\" aria-label=\"Postovni\" rel=\"noopener noreferrer\"><img decoding=\"async\" width=\"262\" height=\"160\" src=\"https:\/\/hotel-school.eu\/wp-content\/uploads\/2022\/02\/Postovni.jpg\" alt class=\"img-responsive wp-image-2425\" srcset=\"https:\/\/hotel-school.eu\/wp-content\/uploads\/2022\/02\/Postovni-200x122.jpg 200w, https:\/\/hotel-school.eu\/wp-content\/uploads\/2022\/02\/Postovni.jpg 262w\" sizes=\"(max-width: 1024px) 100vw, (max-width: 640px) 100vw, 262px\" \/><\/a><\/span><\/div><div class=\"fusion-text fusion-text-2\"><p style=\"text-align: center;\"><a href=\"https:\/\/my.matterport.com\/show\/?m=wmN5b8Qs2zx\" target=\"_blank\" rel=\"noopener\">Virtu\u00e1ln\u00ed prohl\u00eddka &#8211; Po\u0161tovn\u00ed 7<\/a><\/p>\n<\/div><\/div><style type=\"text\/css\">.fusion-body .fusion-builder-column-1{width:33.333333333333% !important;margin-top : 10px;margin-bottom : 10px;}.fusion-builder-column-1 > .fusion-column-wrapper {padding-top : 0px !important;padding-right : 0px !important;margin-right : 5.76%;padding-bottom : 0px !important;padding-left : 0px !important;margin-left : 5.76%;}@media only screen and (max-width:1024px) {.fusion-body .fusion-builder-column-1{width:100% !important;order : 0;}.fusion-builder-column-1 > .fusion-column-wrapper {margin-right : 1.92%;margin-left : 1.92%;}}@media only screen and (max-width:640px) {.fusion-body .fusion-builder-column-1{width:100% !important;order : 0;}.fusion-builder-column-1 > .fusion-column-wrapper {margin-right : 1.92%;margin-left : 1.92%;}}<\/style><\/div><div class=\"fusion-layout-column fusion_builder_column fusion-builder-column-2 fusion_builder_column_1_3 1_3 fusion-flex-column\"><div class=\"fusion-column-wrapper fusion-flex-justify-content-flex-start fusion-content-layout-column\" style=\"background-position:left top;background-repeat:no-repeat;-webkit-background-size:cover;-moz-background-size:cover;-o-background-size:cover;background-size:cover;padding: 0px 0px 0px 0px;\"><div style=\"text-align:center;\"><span class=\" fusion-imageframe imageframe-none imageframe-3 hover-type-none\"><a class=\"fusion-no-lightbox\" href=\"https:\/\/www.hotelovaskola.cz\/_html5\/HSMarianskeLazne1.html#\" target=\"_blank\" aria-label=\"skola_old\" rel=\"noopener noreferrer\"><img decoding=\"async\" width=\"262\" height=\"160\" src=\"https:\/\/hotel-school.eu\/wp-content\/uploads\/2022\/02\/skola_old.jpg\" alt class=\"img-responsive wp-image-2426\" srcset=\"https:\/\/hotel-school.eu\/wp-content\/uploads\/2022\/02\/skola_old-200x122.jpg 200w, https:\/\/hotel-school.eu\/wp-content\/uploads\/2022\/02\/skola_old.jpg 262w\" sizes=\"(max-width: 1024px) 100vw, (max-width: 640px) 100vw, 262px\" \/><\/a><\/span><\/div><div class=\"fusion-text fusion-text-3\"><p style=\"text-align: center;\"><a href=\"https:\/\/www.hotelovaskola.cz\/_html5\/HSMarianskeLazne1.html#\" target=\"_blank\" rel=\"noopener\">3D prohl\u00eddka \u0161koly<\/a><\/p>\n<\/div><\/div><style type=\"text\/css\">.fusion-body .fusion-builder-column-2{width:33.333333333333% !important;margin-top : 10px;margin-bottom : 10px;}.fusion-builder-column-2 > .fusion-column-wrapper {padding-top : 0px !important;padding-right : 0px !important;margin-right : 5.76%;padding-bottom : 0px !important;padding-left : 0px !important;margin-left : 5.76%;}@media only screen and (max-width:1024px) {.fusion-body .fusion-builder-column-2{width:100% !important;order : 0;}.fusion-builder-column-2 > .fusion-column-wrapper {margin-right : 1.92%;margin-left : 1.92%;}}@media only screen and (max-width:640px) {.fusion-body .fusion-builder-column-2{width:100% !important;order : 0;}.fusion-builder-column-2 > .fusion-column-wrapper {margin-right : 1.92%;margin-left : 1.92%;}}<\/style><\/div><div class=\"fusion-layout-column fusion_builder_column fusion-builder-column-3 fusion_builder_column_1_1 1_1 fusion-flex-column\"><div class=\"fusion-column-wrapper fusion-flex-justify-content-flex-start fusion-content-layout-column\" style=\"background-position:left top;background-repeat:no-repeat;-webkit-background-size:cover;-moz-background-size:cover;-o-background-size:cover;background-size:cover;padding: 0px 0px 0px 0px;\"><div class=\"fusion-separator fusion-full-width-sep\" style=\"align-self: center;margin-left: auto;margin-right: auto;margin-bottom:10px;width:100%;\"><div class=\"fusion-separator-border sep-single sep-solid\" style=\"border-color:#000000;border-top-width:1px;\"><\/div><\/div><div class=\"fusion-text fusion-text-4\"><p style=\"text-align: center;\"><strong>Fotogalerie<\/strong><\/p>\n<p style=\"text-align: center;\"><strong><a href=\"https:\/\/hotel-school.eu\/wp-index.php\/fotografie-z-plesu\/\">Fotografie z ples\u016f<\/a><\/strong><\/p>\n<p style=\"text-align: center;\"><strong><a href=\"https:\/\/photos.app.goo.gl\/WFybGYouYszFdYRu6\" target=\"_blank\" rel=\"noopener\">V\u00e1no\u010dn\u00ed zp\u00edv\u00e1n\u00ed na schodech 2023<\/a><\/strong><\/p>\n<p style=\"text-align: center;\"><strong><a href=\"https:\/\/photos.app.goo.gl\/4S7R3q6mgVZ3tsEF8\" target=\"_blank\" rel=\"noopener\">Oslavy 95. v\u00fdro\u010d\u00ed zalo\u017een\u00ed \u0161koly<\/a><\/strong><\/p>\n<p style=\"text-align: center;\"><a href=\"https:\/\/photos.app.goo.gl\/f7XbNXjuniSsmXHb8\" target=\"_blank\" rel=\"noopener\">Fotografie z pr\u016fb\u011bhu z\u00e1v\u011bre\u010dn\u00fdch u\u010d\u0148ovsk\u00fdch zkou\u0161ek (\u010derven 2022)<\/a><\/p>\n<p style=\"text-align: center;\"><a href=\"https:\/\/photos.app.goo.gl\/thxoiWjJt7eJ5M6p6\" target=\"_blank\" rel=\"noopener\">Fotografie z pr\u016fb\u011bhu maturitn\u00edch zkou\u0161ek (kv\u011bten 2022)<\/a><\/p>\n<p style=\"text-align: center;\">V\u00fdlet do historie na hrad Loket\u00a0<a href=\"https:\/\/photos.app.goo.gl\/6jcMYjh6WPVcdnzP7\" target=\"_blank\" rel=\"noopener\">28. ledna 2022 (sud\u00e1 sm\u011bna)<\/a> a\u00a0<a href=\"https:\/\/photos.app.goo.gl\/dDMLRtHcVAyeiuGZ7\" target=\"_blank\" rel=\"noopener\">18. \u00fanora 2022 (lich\u00e1 sm\u011bna)<\/a><\/p>\n<p style=\"text-align: center;\"><a href=\"https:\/\/photos.app.goo.gl\/ZFBZR1JPiCC4P9WG9\" target=\"_blank\" rel=\"noopener\">Olympi\u00e1da kucha\u0159\u016f IKA Culinary Olympics \u2013 Stuttgart \u2013 2020<\/a><\/p>\n<p style=\"text-align: center;\"><a href=\"https:\/\/photos.app.goo.gl\/Q4ADjyr2CBPZcbYG7\" target=\"_blank\" rel=\"noopener\">Hostou\u0148 &#8211; Z\u00e1meck\u00fd rendl\u00edk 2019<\/a><\/p>\n<p style=\"text-align: center;\"><a href=\"https:\/\/photos.app.goo.gl\/pJ7xRg2Zr8mayey27\" target=\"_blank\" rel=\"noopener\">59. Den \u017e\u00e1kovsk\u00fdch dovednost\u00ed 2019<\/a><\/p>\n<\/div><\/div><style type=\"text\/css\">.fusion-body .fusion-builder-column-3{width:100% !important;margin-top : 10px;margin-bottom : 10px;}.fusion-builder-column-3 > .fusion-column-wrapper {padding-top : 0px !important;padding-right : 0px !important;margin-right : 1.92%;padding-bottom : 0px !important;padding-left : 0px !important;margin-left : 1.92%;}@media only screen and (max-width:1024px) {.fusion-body .fusion-builder-column-3{width:100% !important;order : 0;}.fusion-builder-column-3 > .fusion-column-wrapper {margin-right : 1.92%;margin-left : 1.92%;}}@media only screen and (max-width:640px) {.fusion-body .fusion-builder-column-3{width:100% !important;order : 0;}.fusion-builder-column-3 > .fusion-column-wrapper {margin-right : 1.92%;margin-left : 1.92%;}}<\/style><\/div><\/div><style type=\"text\/css\">.fusion-fullwidth.fusion-builder-row-1 a:not(.awb-custom-text-color):not(.fusion-button):not(.fusion-builder-module-control):not(.fusion-social-network-icon):not(.fb-icon-element):not(.fusion-countdown-link):not(.fusion-rollover-link):not(.fusion-rollover-gallery):not(.fusion-button-bar):not(.add_to_cart_button):not(.show_details_button):not(.product_type_external):not(.fusion-view-cart):not(.fusion-quick-view):not(.fusion-rollover-title-link):not(.fusion-breadcrumb-link) , .fusion-fullwidth.fusion-builder-row-1 a:not(.awb-custom-text-color):not(.fusion-button):not(.fusion-builder-module-control):not(.fusion-social-network-icon):not(.fb-icon-element):not(.fusion-countdown-link):not(.fusion-rollover-link):not(.fusion-rollover-gallery):not(.fusion-button-bar):not(.add_to_cart_button):not(.show_details_button):not(.product_type_external):not(.fusion-view-cart):not(.fusion-quick-view):not(.fusion-rollover-title-link):not(.fusion-breadcrumb-link):before, .fusion-fullwidth.fusion-builder-row-1 a:not(.awb-custom-text-color):not(.fusion-button):not(.fusion-builder-module-control):not(.fusion-social-network-icon):not(.fb-icon-element):not(.fusion-countdown-link):not(.fusion-rollover-link):not(.fusion-rollover-gallery):not(.fusion-button-bar):not(.add_to_cart_button):not(.show_details_button):not(.product_type_external):not(.fusion-view-cart):not(.fusion-quick-view):not(.fusion-rollover-title-link):not(.fusion-breadcrumb-link):after {color: #0000ff;}.fusion-body .fusion-flex-container.fusion-builder-row-1{ padding-top : 0px;margin-top : 0px;padding-right : 0px;padding-bottom : 0px;margin-bottom : 0px;padding-left : 0px;}<\/style><\/div>\n","protected":false},"excerpt":{"rendered":"","protected":false},"author":3,"featured_media":0,"parent":0,"menu_order":0,"comment_status":"closed","ping_status":"closed","template":"","meta":{"footnotes":""},"class_list":["post-2417","page","type-page","status-publish","hentry"],"_links":{"self":[{"href":"https:\/\/hotel-school.eu\/wp-index.php\/wp-json\/wp\/v2\/pages\/2417","targetHints":{"allow":["GET"]}}],"collection":[{"href":"https:\/\/hotel-school.eu\/wp-index.php\/wp-json\/wp\/v2\/pages"}],"about":[{"href":"https:\/\/hotel-school.eu\/wp-index.php\/wp-json\/wp\/v2\/types\/page"}],"author":[{"embeddable":true,"href":"https:\/\/hotel-school.eu\/wp-index.php\/wp-json\/wp\/v2\/users\/3"}],"replies":[{"embeddable":true,"href":"https:\/\/hotel-school.eu\/wp-index.php\/wp-json\/wp\/v2\/comments?post=2417"}],"version-history":[{"count":27,"href":"https:\/\/hotel-school.eu\/wp-index.php\/wp-json\/wp\/v2\/pages\/2417\/revisions"}],"predecessor-version":[{"id":3293,"href":"https:\/\/hotel-school.eu\/wp-index.php\/wp-json\/wp\/v2\/pages\/2417\/revisions\/3293"}],"wp:attachment":[{"href":"https:\/\/hotel-school.eu\/wp-index.php\/wp-json\/wp\/v2\/media?parent=2417"}],"curies":[{"name":"wp","href":"https:\/\/api.w.org\/{rel}","templated":true}]}}