{"id":2551,"date":"2022-04-25T19:43:00","date_gmt":"2022-04-25T18:43:00","guid":{"rendered":"https:\/\/hotel-school.eu\/wp-index.php\/?page_id=2551"},"modified":"2024-03-18T10:00:28","modified_gmt":"2024-03-18T09:00:28","slug":"projekty-esf","status":"publish","type":"page","link":"https:\/\/hotel-school.eu\/wp-index.php\/projekty-esf\/","title":{"rendered":"Projekty ESF"},"content":{"rendered":"<div class=\"fusion-fullwidth fullwidth-box fusion-builder-row-1 fusion-flex-container nonhundred-percent-fullwidth non-hundred-percent-height-scrolling\" style=\"background-color: rgba(255,255,255,0);background-position: center center;background-repeat: no-repeat;border-width: 0px 0px 0px 0px;border-color:#e7e4e2;border-style:solid;\" ><div class=\"fusion-builder-row fusion-row fusion-flex-align-items-flex-start\" style=\"max-width:1331.2px;margin-left: calc(-4% \/ 2 );margin-right: calc(-4% \/ 2 );\"><div class=\"fusion-layout-column fusion_builder_column fusion-builder-column-0 fusion_builder_column_1_1 1_1 fusion-flex-column\"><div class=\"fusion-column-wrapper fusion-flex-justify-content-flex-start fusion-content-layout-column\" style=\"background-position:left top;background-repeat:no-repeat;-webkit-background-size:cover;-moz-background-size:cover;-o-background-size:cover;background-size:cover;padding: 0px 0px 0px 0px;\"><div class=\"fusion-text fusion-text-1\"><h3 class=\"entry-title\" style=\"text-align: center;\">PREVENCE DIGIT\u00c1LN\u00cd PROPASTI A DIGIT\u00c1LN\u00cd U\u010cEBN\u00cd POM\u016eCKY<br \/>\nREALIZACE INVESTICE 3.1 N\u00c1RODN\u00cdHO PL\u00c1NU OBNOVY<\/h3>\n<p><img decoding=\"async\" class=\"size-full wp-image-2552 aligncenter\" src=\"https:\/\/hotel-school.eu\/wp-content\/uploads\/2022\/04\/Logo-DOUCOVANI-ZAKU-SKOL.jpg\" alt=\"\" width=\"844\" height=\"465\" srcset=\"https:\/\/hotel-school.eu\/wp-content\/uploads\/2022\/04\/Logo-DOUCOVANI-ZAKU-SKOL-200x110.jpg 200w, https:\/\/hotel-school.eu\/wp-content\/uploads\/2022\/04\/Logo-DOUCOVANI-ZAKU-SKOL-300x165.jpg 300w, https:\/\/hotel-school.eu\/wp-content\/uploads\/2022\/04\/Logo-DOUCOVANI-ZAKU-SKOL-400x220.jpg 400w, https:\/\/hotel-school.eu\/wp-content\/uploads\/2022\/04\/Logo-DOUCOVANI-ZAKU-SKOL-600x331.jpg 600w, https:\/\/hotel-school.eu\/wp-content\/uploads\/2022\/04\/Logo-DOUCOVANI-ZAKU-SKOL-768x423.jpg 768w, https:\/\/hotel-school.eu\/wp-content\/uploads\/2022\/04\/Logo-DOUCOVANI-ZAKU-SKOL-800x441.jpg 800w, https:\/\/hotel-school.eu\/wp-content\/uploads\/2022\/04\/Logo-DOUCOVANI-ZAKU-SKOL.jpg 844w\" sizes=\"(max-width: 844px) 100vw, 844px\" \/><\/p>\n<p>V souladu se Strategi\u00ed vzd\u011bl\u00e1vac\u00ed politiky \u010cR do roku 2030+ (Strategie 2030+) se program soust\u0159ed\u00ed na prom\u011bnu obsahu, podporu digit\u00e1ln\u00ed a informa\u010dn\u00ed gramotnosti a informatick\u00e9ho my\u0161len\u00ed. D\u00e1le na zlep\u0161en\u00ed \u00farovn\u011b vybaven\u00ed \u0161kol a zalo\u017een\u00ed fondu mobiln\u00edch digit\u00e1ln\u00edch za\u0159\u00edzen\u00ed, \u010d\u00edm\u017e p\u0159isp\u011bje k prevenci tzv. digit\u00e1ln\u00ed propasti. V neposledn\u00ed \u0159ad\u011b c\u00edl\u00ed na podporu digit\u00e1ln\u00edch kompetenc\u00ed pedagog\u016f jako\u017eto nutn\u00fd p\u0159edpoklad pro inovaci v\u00fduky a z\u00edsk\u00e1n\u00ed pot\u0159ebn\u00fdch dovednost\u00ed \u017e\u00e1k\u016f.<\/p>\n<p>C\u00edlem programu je vybaven\u00ed \u0161kol pokro\u010dil\u00fdmi digit\u00e1ln\u00edmi technologiemi pro rozvoj informatick\u00e9ho my\u0161len\u00ed d\u011bt\u00ed a \u017e\u00e1k\u016f a jejich digit\u00e1ln\u00edch kompetenc\u00ed v souvislosti s reviz\u00ed R\u00e1mcov\u00fdch vzd\u011bl\u00e1vac\u00edch program\u016f. D\u00e1le je c\u00edlem zp\u0159\u00edstupn\u011bn\u00ed mobiln\u00edch digit\u00e1ln\u00edch technologi\u00ed pro znev\u00fdhodn\u011bn\u00e9 \u017e\u00e1ky a zabr\u00e1n\u011bn\u00ed jejich digit\u00e1ln\u00edmu vylou\u010den\u00ed, tzv. digit\u00e1ln\u00ed propasti, vytvo\u0159en\u00edm mobili\u00e1\u0159e mobiln\u00edch digit\u00e1ln\u00edch technologi\u00ed, ze kter\u00e9ho budou \u0161koly poskytovat \u017e\u00e1k\u016fm z\u00e1kladn\u00ed digit\u00e1ln\u00ed za\u0159\u00edzen\u00ed tak, aby je v\u0161ichni \u017e\u00e1ci m\u011bli k dispozici pro b\u011b\u017enou i distan\u010dn\u00ed v\u00fduku.<\/p>\n<p style=\"text-align: center;\"><a href=\"https:\/\/hotel-school.eu\/wp-content\/uploads\/2024\/03\/MSMT-publicita-cil-173-a-174-soucasne.pdf\" target=\"_blank\" rel=\"noopener\"><strong>PREVENCE DIGIT\u00c1LN\u00cd PROPASTI A DIGIT\u00c1LN\u00cd U\u010cEBN\u00cd POM\u016eCKY<br \/>\nREALIZACE INVESTICE 3.1 N\u00c1RODN\u00cdHO PL\u00c1NU OBNOVY<br \/>\n<\/strong><\/a><\/p>\n<p><a href=\"https:\/\/hotel-school.eu\/wp-content\/uploads\/2022\/04\/MSMT-Plakat-A4-k-publicite-NPO.pdf\" target=\"_blank\" rel=\"noopener\"><img decoding=\"async\" class=\"size-medium wp-image-2552 aligncenter\" src=\"https:\/\/hotel-school.eu\/wp-content\/uploads\/2022\/04\/Logo-DOUCOVANI-ZAKU-SKOL-300x165.jpg\" alt=\"\" width=\"300\" height=\"165\" srcset=\"https:\/\/hotel-school.eu\/wp-content\/uploads\/2022\/04\/Logo-DOUCOVANI-ZAKU-SKOL-200x110.jpg 200w, https:\/\/hotel-school.eu\/wp-content\/uploads\/2022\/04\/Logo-DOUCOVANI-ZAKU-SKOL-300x165.jpg 300w, https:\/\/hotel-school.eu\/wp-content\/uploads\/2022\/04\/Logo-DOUCOVANI-ZAKU-SKOL-400x220.jpg 400w, https:\/\/hotel-school.eu\/wp-content\/uploads\/2022\/04\/Logo-DOUCOVANI-ZAKU-SKOL-600x331.jpg 600w, https:\/\/hotel-school.eu\/wp-content\/uploads\/2022\/04\/Logo-DOUCOVANI-ZAKU-SKOL-768x423.jpg 768w, https:\/\/hotel-school.eu\/wp-content\/uploads\/2022\/04\/Logo-DOUCOVANI-ZAKU-SKOL-800x441.jpg 800w, https:\/\/hotel-school.eu\/wp-content\/uploads\/2022\/04\/Logo-DOUCOVANI-ZAKU-SKOL.jpg 844w\" sizes=\"(max-width: 300px) 100vw, 300px\" \/><\/a><\/p>\n<\/div><div class=\"fusion-separator fusion-full-width-sep\" style=\"align-self: center;margin-left: auto;margin-right: auto;margin-top:15px;margin-bottom:15px;width:100%;\"><div class=\"fusion-separator-border sep-double sep-solid\" style=\"border-color:#000000;border-top-width:1px;border-bottom-width:1px;\"><\/div><\/div><div class=\"fusion-text fusion-text-2\"><h3 class=\"entry-title\" style=\"text-align: center;\">DOU\u010cOV\u00c1N\u00cd \u017d\u00c1K\u016e \u0160KOL REALIZACE INVESTICE 3.2.3 N\u00c1RODN\u00cdHO PL\u00c1NU OBNOVY<\/h3>\n<p><img decoding=\"async\" class=\"size-full wp-image-2552 aligncenter\" src=\"https:\/\/hotel-school.eu\/wp-content\/uploads\/2022\/04\/Logo-DOUCOVANI-ZAKU-SKOL.jpg\" alt=\"\" width=\"844\" height=\"465\" srcset=\"https:\/\/hotel-school.eu\/wp-content\/uploads\/2022\/04\/Logo-DOUCOVANI-ZAKU-SKOL-200x110.jpg 200w, https:\/\/hotel-school.eu\/wp-content\/uploads\/2022\/04\/Logo-DOUCOVANI-ZAKU-SKOL-300x165.jpg 300w, https:\/\/hotel-school.eu\/wp-content\/uploads\/2022\/04\/Logo-DOUCOVANI-ZAKU-SKOL-400x220.jpg 400w, https:\/\/hotel-school.eu\/wp-content\/uploads\/2022\/04\/Logo-DOUCOVANI-ZAKU-SKOL-600x331.jpg 600w, https:\/\/hotel-school.eu\/wp-content\/uploads\/2022\/04\/Logo-DOUCOVANI-ZAKU-SKOL-768x423.jpg 768w, https:\/\/hotel-school.eu\/wp-content\/uploads\/2022\/04\/Logo-DOUCOVANI-ZAKU-SKOL-800x441.jpg 800w, https:\/\/hotel-school.eu\/wp-content\/uploads\/2022\/04\/Logo-DOUCOVANI-ZAKU-SKOL.jpg 844w\" sizes=\"(max-width: 844px) 100vw, 844px\" \/><\/p>\n<p style=\"text-align: center;\">Investice reaguje na pot\u0159ebu podpory vzd\u011bl\u00e1v\u00e1n\u00ed \u017e\u00e1k\u016f ohro\u017een\u00fdch \u0161koln\u00edm ne\u00fasp\u011bchem v reakci na nemo\u017enost realizace prezen\u010dn\u00ed v\u00fduky ve \u0161kol\u00e1ch b\u011bhem pandemie covid-19.<\/p>\n<p style=\"text-align: center;\"><a href=\"https:\/\/hotel-school.eu\/wp-content\/uploads\/2022\/04\/MSMT-Plakat-A4-k-publicite-NPO.pdf\" target=\"_blank\" rel=\"noopener\"><strong>DOU\u010cOV\u00c1N\u00cd \u017d\u00c1K\u016e \u0160KOL REALIZACE INVESTICE 3.2.3 N\u00c1RODN\u00cdHO PL\u00c1NU OBNOVY<\/strong><\/a><\/p>\n<p><a href=\"https:\/\/hotel-school.eu\/wp-content\/uploads\/2022\/04\/MSMT-Plakat-A4-k-publicite-NPO.pdf\" target=\"_blank\" rel=\"noopener\"><img decoding=\"async\" class=\"size-medium wp-image-2552 aligncenter\" src=\"https:\/\/hotel-school.eu\/wp-content\/uploads\/2022\/04\/Logo-DOUCOVANI-ZAKU-SKOL-300x165.jpg\" alt=\"\" width=\"300\" height=\"165\" srcset=\"https:\/\/hotel-school.eu\/wp-content\/uploads\/2022\/04\/Logo-DOUCOVANI-ZAKU-SKOL-200x110.jpg 200w, https:\/\/hotel-school.eu\/wp-content\/uploads\/2022\/04\/Logo-DOUCOVANI-ZAKU-SKOL-300x165.jpg 300w, https:\/\/hotel-school.eu\/wp-content\/uploads\/2022\/04\/Logo-DOUCOVANI-ZAKU-SKOL-400x220.jpg 400w, https:\/\/hotel-school.eu\/wp-content\/uploads\/2022\/04\/Logo-DOUCOVANI-ZAKU-SKOL-600x331.jpg 600w, https:\/\/hotel-school.eu\/wp-content\/uploads\/2022\/04\/Logo-DOUCOVANI-ZAKU-SKOL-768x423.jpg 768w, https:\/\/hotel-school.eu\/wp-content\/uploads\/2022\/04\/Logo-DOUCOVANI-ZAKU-SKOL-800x441.jpg 800w, https:\/\/hotel-school.eu\/wp-content\/uploads\/2022\/04\/Logo-DOUCOVANI-ZAKU-SKOL.jpg 844w\" sizes=\"(max-width: 300px) 100vw, 300px\" \/><\/a><\/p>\n<\/div><div class=\"fusion-separator fusion-full-width-sep\" style=\"align-self: center;margin-left: auto;margin-right: auto;margin-top:15px;margin-bottom:15px;width:100%;\"><div class=\"fusion-separator-border sep-double sep-solid\" style=\"border-color:#000000;border-top-width:1px;border-bottom-width:1px;\"><\/div><\/div><div class=\"fusion-text fusion-text-3\"><p style=\"text-align: center;\">Projekt &#8222;<strong><a href=\"https:\/\/www.hotelovaskola.cz\/dokumenty\/projekty\/pisemnosti\/index.html\" target=\"_blank\" rel=\"noopener\">P\u00edsemnosti<\/a><\/strong>&#8222;<\/p>\n<\/div><div class=\"fusion-separator fusion-full-width-sep\" style=\"align-self: center;margin-left: auto;margin-right: auto;margin-top:15px;margin-bottom:30px;width:100%;\"><div class=\"fusion-separator-border sep-double sep-solid\" style=\"border-color:#000000;border-top-width:1px;border-bottom-width:1px;\"><\/div><\/div><div class=\"fusion-text fusion-text-4\"><p style=\"text-align: center;\">Projekt &#8222;<strong><a href=\"https:\/\/www.hotelovaskola.cz\/dokumenty\/projekty\/zap\/projekt.htm\" target=\"_blank\" rel=\"noopener\">V\u00fduka za\u0159\u00edzen\u00ed provozoven prost\u0159ednictv\u00edm ICT<\/a><\/strong>&#8222;<\/p>\n<\/div><div class=\"fusion-separator fusion-full-width-sep\" style=\"align-self: center;margin-left: auto;margin-right: auto;margin-top:15px;margin-bottom:15px;width:100%;\"><div class=\"fusion-separator-border sep-double sep-solid\" style=\"border-color:#000000;border-top-width:1px;border-bottom-width:1px;\"><\/div><\/div><\/div><style type=\"text\/css\">.fusion-body .fusion-builder-column-0{width:100% !important;margin-top : 10px;margin-bottom : 10px;}.fusion-builder-column-0 > .fusion-column-wrapper {padding-top : 0px !important;padding-right : 0px !important;margin-right : 1.92%;padding-bottom : 0px !important;padding-left : 0px !important;margin-left : 1.92%;}@media only screen and (max-width:1024px) {.fusion-body .fusion-builder-column-0{width:100% !important;order : 0;}.fusion-builder-column-0 > .fusion-column-wrapper {margin-right : 1.92%;margin-left : 1.92%;}}@media only screen and (max-width:640px) {.fusion-body .fusion-builder-column-0{width:100% !important;order : 0;}.fusion-builder-column-0 > .fusion-column-wrapper {margin-right : 1.92%;margin-left : 1.92%;}}<\/style><\/div><\/div><style type=\"text\/css\">.fusion-body .fusion-flex-container.fusion-builder-row-1{ padding-top : 0px;margin-top : 0px;padding-right : 0px;padding-bottom : 0px;margin-bottom : 0px;padding-left : 0px;}<\/style><\/div>\n","protected":false},"excerpt":{"rendered":"","protected":false},"author":3,"featured_media":0,"parent":0,"menu_order":0,"comment_status":"closed","ping_status":"closed","template":"","meta":{"footnotes":""},"class_list":["post-2551","page","type-page","status-publish","hentry"],"_links":{"self":[{"href":"https:\/\/hotel-school.eu\/wp-index.php\/wp-json\/wp\/v2\/pages\/2551","targetHints":{"allow":["GET"]}}],"collection":[{"href":"https:\/\/hotel-school.eu\/wp-index.php\/wp-json\/wp\/v2\/pages"}],"about":[{"href":"https:\/\/hotel-school.eu\/wp-index.php\/wp-json\/wp\/v2\/types\/page"}],"author":[{"embeddable":true,"href":"https:\/\/hotel-school.eu\/wp-index.php\/wp-json\/wp\/v2\/users\/3"}],"replies":[{"embeddable":true,"href":"https:\/\/hotel-school.eu\/wp-index.php\/wp-json\/wp\/v2\/comments?post=2551"}],"version-history":[{"count":9,"href":"https:\/\/hotel-school.eu\/wp-index.php\/wp-json\/wp\/v2\/pages\/2551\/revisions"}],"predecessor-version":[{"id":3341,"href":"https:\/\/hotel-school.eu\/wp-index.php\/wp-json\/wp\/v2\/pages\/2551\/revisions\/3341"}],"wp:attachment":[{"href":"https:\/\/hotel-school.eu\/wp-index.php\/wp-json\/wp\/v2\/media?parent=2551"}],"curies":[{"name":"wp","href":"https:\/\/api.w.org\/{rel}","templated":true}]}}