{"id":2678,"date":"2022-07-01T08:47:01","date_gmt":"2022-07-01T07:47:01","guid":{"rendered":"https:\/\/hotel-school.eu\/wp-index.php\/?page_id=2678"},"modified":"2025-08-19T09:57:25","modified_gmt":"2025-08-19T08:57:25","slug":"informace-pro-zaky","status":"publish","type":"page","link":"https:\/\/hotel-school.eu\/wp-index.php\/informace-pro-zaky\/","title":{"rendered":"Informace pro \u017e\u00e1ky"},"content":{"rendered":"<h2 style=\"text-align: center;\"><\/h2>\n<h2 style=\"text-align: center;\"><u>Organizace \u0161koln\u00edho roku<\/u><\/h2>\n<h2 style=\"text-align: center;\"><a href=\"https:\/\/hotel-school.eu\/wp-index.php\/maturity\/\"><u>Maturitn\u00ed zkou\u0161ky<\/u><\/a><\/h2>\n<h2 style=\"text-align: center;\"><a href=\"https:\/\/hotel-school.eu\/wp-index.php\/zaverecne-zkousky-2025\/\"><u>Z\u00e1v\u011bre\u010dn\u00e9 zkou\u0161ky &#8211; u\u010debn\u00ed obory<\/u><\/a><\/h2>\n<h2 style=\"text-align: center;\"><a href=\"https:\/\/hsml-login.edookit.net\/kiosk\/?token=yvekktgs1sgt31m8h8w583q9eqlorijhbo4xo2l7\" target=\"_blank\" rel=\"noopener\"><u>Aktu\u00e1ln\u00ed rozvrh<\/u><\/a><\/h2>\n","protected":false},"excerpt":{"rendered":"<p>Organizace \u0161koln\u00edho roku Maturitn\u00ed zkou\u0161ky Z\u00e1v\u011bre\u010dn\u00e9 zkou\u0161ky &#8211; u\u010debn\u00ed obory Aktu\u00e1ln\u00ed rozvrh<\/p>\n","protected":false},"author":3,"featured_media":0,"parent":0,"menu_order":0,"comment_status":"closed","ping_status":"closed","template":"","meta":{"footnotes":""},"class_list":["post-2678","page","type-page","status-publish","hentry"],"_links":{"self":[{"href":"https:\/\/hotel-school.eu\/wp-index.php\/wp-json\/wp\/v2\/pages\/2678","targetHints":{"allow":["GET"]}}],"collection":[{"href":"https:\/\/hotel-school.eu\/wp-index.php\/wp-json\/wp\/v2\/pages"}],"about":[{"href":"https:\/\/hotel-school.eu\/wp-index.php\/wp-json\/wp\/v2\/types\/page"}],"author":[{"embeddable":true,"href":"https:\/\/hotel-school.eu\/wp-index.php\/wp-json\/wp\/v2\/users\/3"}],"replies":[{"embeddable":true,"href":"https:\/\/hotel-school.eu\/wp-index.php\/wp-json\/wp\/v2\/comments?post=2678"}],"version-history":[{"count":14,"href":"https:\/\/hotel-school.eu\/wp-index.php\/wp-json\/wp\/v2\/pages\/2678\/revisions"}],"predecessor-version":[{"id":4274,"href":"https:\/\/hotel-school.eu\/wp-index.php\/wp-json\/wp\/v2\/pages\/2678\/revisions\/4274"}],"wp:attachment":[{"href":"https:\/\/hotel-school.eu\/wp-index.php\/wp-json\/wp\/v2\/media?parent=2678"}],"curies":[{"name":"wp","href":"https:\/\/api.w.org\/{rel}","templated":true}]}}