{"id":3636,"date":"2024-10-22T06:46:29","date_gmt":"2024-10-22T05:46:29","guid":{"rendered":"https:\/\/hotel-school.eu\/wp-index.php\/?page_id=3636"},"modified":"2024-10-22T06:53:13","modified_gmt":"2024-10-22T05:53:13","slug":"olympiada-z-anglickeho-jazyka","status":"publish","type":"page","link":"https:\/\/hotel-school.eu\/wp-index.php\/olympiada-z-anglickeho-jazyka\/","title":{"rendered":"Olympi\u00e1da z anglick\u00e9ho jazyka"},"content":{"rendered":"<div class=\"fusion-fullwidth fullwidth-box fusion-builder-row-1 fusion-flex-container nonhundred-percent-fullwidth non-hundred-percent-height-scrolling\" style=\"background-color: rgba(255,255,255,0);background-position: center center;background-repeat: no-repeat;border-width: 0px 0px 0px 0px;border-color:#e7e4e2;border-style:solid;\" ><div class=\"fusion-builder-row fusion-row fusion-flex-align-items-flex-start\" style=\"max-width:1331.2px;margin-left: calc(-4% \/ 2 );margin-right: calc(-4% \/ 2 );\"><div class=\"fusion-layout-column fusion_builder_column fusion-builder-column-0 fusion_builder_column_1_1 1_1 fusion-flex-column\"><div class=\"fusion-column-wrapper fusion-flex-justify-content-flex-start fusion-content-layout-column\" style=\"background-position:left top;background-repeat:no-repeat;-webkit-background-size:cover;-moz-background-size:cover;-o-background-size:cover;background-size:cover;padding: 0px 0px 0px 0px;\"><div class=\"fusion-text fusion-text-1\"><p>R\u00e1di bychom V\u00e1s pozvali k \u00fa\u010dasti na \u0161koln\u00edm kole Olympi\u00e1dy z anglick\u00e9ho jazyka, kter\u00e9 se uskute\u010dn\u00ed v pond\u011bl\u00ed dne 18. listopadu 2024 od 8:00 hodin v prostor\u00e1ch Hotelov\u00e9 \u0161koly Mari\u00e1nsk\u00e9 L\u00e1zn\u011b. Olympi\u00e1da je ur\u010dena pro \u017e\u00e1ky 1. &#8211; 3. ro\u010dn\u00edk\u016f Hotelov\u00e9 \u0161koly Mari\u00e1nsk\u00e9 L\u00e1zn\u011b. <strong>P\u0159ihl\u00e1\u0161ky<\/strong> je mo\u017en\u00e9 pod\u00e1vat <strong>do 13. listopadu 2024<\/strong> u sv\u00fdch u\u010ditel\u016f anglick\u00e9ho jazyka, kte\u0159\u00ed tak\u00e9 poskytnou ve\u0161ker\u00e9 pot\u0159ebn\u00e9 informace. Sout\u011b\u017e je skv\u011blou p\u0159\u00edle\u017eitost\u00ed otestovat si sv\u00e9 znalosti angli\u010dtiny a rovn\u011b\u017e motivac\u00ed k dal\u0161\u00edmu studiu tohoto pro budouc\u00ed kari\u00e9ru d\u016fle\u017eit\u00e9ho jazyka. T\u011b\u0161\u00edme se na Va\u0161i \u00fa\u010dast a p\u0159ejeme v\u0161em hodn\u011b \u0161t\u011bst\u00ed! O v\u00fdsledc\u00edch \u0161koln\u00edho kola V\u00e1s budeme s pot\u011b\u0161en\u00edm informovat.<\/p>\n<\/div><div style=\"text-align:center;\"><span class=\" fusion-imageframe imageframe-none imageframe-1 hover-type-none\"><img decoding=\"async\" width=\"563\" height=\"867\" title=\"OAJ2024\" src=\"https:\/\/hotel-school.eu\/wp-content\/uploads\/2024\/10\/OAJ2024.jpg\" alt class=\"img-responsive wp-image-3637\" srcset=\"https:\/\/hotel-school.eu\/wp-content\/uploads\/2024\/10\/OAJ2024-200x308.jpg 200w, https:\/\/hotel-school.eu\/wp-content\/uploads\/2024\/10\/OAJ2024-400x616.jpg 400w, https:\/\/hotel-school.eu\/wp-content\/uploads\/2024\/10\/OAJ2024.jpg 563w\" sizes=\"(max-width: 1024px) 100vw, (max-width: 640px) 100vw, 563px\" \/><\/span><\/div><\/div><style type=\"text\/css\">.fusion-body .fusion-builder-column-0{width:100% !important;margin-top : 10px;margin-bottom : 10px;}.fusion-builder-column-0 > .fusion-column-wrapper {padding-top : 0px !important;padding-right : 0px !important;margin-right : 1.92%;padding-bottom : 0px !important;padding-left : 0px !important;margin-left : 1.92%;}@media only screen and (max-width:1024px) {.fusion-body .fusion-builder-column-0{width:100% !important;order : 0;}.fusion-builder-column-0 > .fusion-column-wrapper {margin-right : 1.92%;margin-left : 1.92%;}}@media only screen and (max-width:640px) {.fusion-body .fusion-builder-column-0{width:100% !important;order : 0;}.fusion-builder-column-0 > .fusion-column-wrapper {margin-right : 1.92%;margin-left : 1.92%;}}<\/style><\/div><\/div><style type=\"text\/css\">.fusion-body .fusion-flex-container.fusion-builder-row-1{ padding-top : 0px;margin-top : 0px;padding-right : 0px;padding-bottom : 0px;margin-bottom : 0px;padding-left : 0px;}<\/style><\/div>\n","protected":false},"excerpt":{"rendered":"","protected":false},"author":3,"featured_media":0,"parent":0,"menu_order":0,"comment_status":"closed","ping_status":"closed","template":"","meta":{"footnotes":""},"class_list":["post-3636","page","type-page","status-publish","hentry"],"_links":{"self":[{"href":"https:\/\/hotel-school.eu\/wp-index.php\/wp-json\/wp\/v2\/pages\/3636","targetHints":{"allow":["GET"]}}],"collection":[{"href":"https:\/\/hotel-school.eu\/wp-index.php\/wp-json\/wp\/v2\/pages"}],"about":[{"href":"https:\/\/hotel-school.eu\/wp-index.php\/wp-json\/wp\/v2\/types\/page"}],"author":[{"embeddable":true,"href":"https:\/\/hotel-school.eu\/wp-index.php\/wp-json\/wp\/v2\/users\/3"}],"replies":[{"embeddable":true,"href":"https:\/\/hotel-school.eu\/wp-index.php\/wp-json\/wp\/v2\/comments?post=3636"}],"version-history":[{"count":2,"href":"https:\/\/hotel-school.eu\/wp-index.php\/wp-json\/wp\/v2\/pages\/3636\/revisions"}],"predecessor-version":[{"id":3641,"href":"https:\/\/hotel-school.eu\/wp-index.php\/wp-json\/wp\/v2\/pages\/3636\/revisions\/3641"}],"wp:attachment":[{"href":"https:\/\/hotel-school.eu\/wp-index.php\/wp-json\/wp\/v2\/media?parent=3636"}],"curies":[{"name":"wp","href":"https:\/\/api.w.org\/{rel}","templated":true}]}}