{"id":4080,"date":"2025-01-01T08:37:47","date_gmt":"2025-01-01T07:37:47","guid":{"rendered":"https:\/\/hotel-school.eu\/wp-index.php\/?page_id=4080"},"modified":"2025-07-08T12:24:55","modified_gmt":"2025-07-08T11:24:55","slug":"zaverecne-zkousky-2025","status":"publish","type":"page","link":"https:\/\/hotel-school.eu\/wp-index.php\/zaverecne-zkousky-2025\/","title":{"rendered":"Z\u00e1v\u011bre\u010dn\u00e9 zkou\u0161ky 2025"},"content":{"rendered":"<div class=\"fusion-fullwidth fullwidth-box fusion-builder-row-1 fusion-flex-container nonhundred-percent-fullwidth non-hundred-percent-height-scrolling\" style=\"background-color: rgba(255,255,255,0);background-position: center center;background-repeat: no-repeat;border-width: 0px 0px 0px 0px;border-color:#e7e4e2;border-style:solid;\" ><div class=\"fusion-builder-row fusion-row fusion-flex-align-items-flex-start\" style=\"max-width:1331.2px;margin-left: calc(-4% \/ 2 );margin-right: calc(-4% \/ 2 );\"><div class=\"fusion-layout-column fusion_builder_column fusion-builder-column-0 fusion_builder_column_1_1 1_1 fusion-flex-column\"><div class=\"fusion-column-wrapper fusion-flex-justify-content-flex-start fusion-content-layout-column\" style=\"background-position:left top;background-repeat:no-repeat;-webkit-background-size:cover;-moz-background-size:cover;-o-background-size:cover;background-size:cover;padding: 0px 0px 0px 0px;\"><div class=\"fusion-text fusion-text-1\"><p style=\"text-align: center;\"><a href=\"https:\/\/eu.zonerama.com\/ivancf\/Album\/13420419\" target=\"_blank\" rel=\"noopener\"><u>Praktick\u00e9 z\u00e1v\u011bre\u010dn\u00e9 zkou\u0161ky &#8211; <strong>slavnostn\u00ed tabule<\/strong> <em>(fotografie od pana Coufal\u00edka)<\/em><\/u><\/a><\/p>\n<\/div><div class=\"fusion-text fusion-text-2\"><p>V souladu s \u00a72 odst. 5 vyhl\u00e1\u0161ky \u010d. 47\/2005 Sb. o ukon\u010dov\u00e1n\u00ed vzd\u011bl\u00e1v\u00e1n\u00ed ve st\u0159edn\u00edch \u0161kol\u00e1ch z\u00e1v\u011bre\u010dnou zkou\u0161kou a o ukon\u010dov\u00e1n\u00ed vzd\u011bl\u00e1v\u00e1n\u00ed v konzervato\u0159i absolutoriem stanovil \u0159editelka Hotelov\u00e9 \u0161koly Mari\u00e1nsk\u00e9 L\u00e1zn\u011b, p\u0159\u00edsp\u011bvkov\u00e1 organizace term\u00edny zkou\u0161ek a stanovila p\u0159\u00edslu\u0161n\u00e9 zku\u0161ebn\u00ed komise takto:<\/p>\n<h2 style=\"text-align: center;\">\u0158\u00e1dn\u00fd term\u00edn<\/h2>\n<table border=\"2\" width=\"80%\" align=\"center\">\n<tbody>\n<tr>\n<td align=\"left\"><strong>\u00a0\u010cerven 2025<\/strong><\/td>\n<td><\/td>\n<td><\/td>\n<td><\/td>\n<\/tr>\n<tr>\n<td style=\"text-align: center;\">Volno k p\u0159\u00edprav\u011b<\/td>\n<td style=\"text-align: center;\"><strong>P\u00edsemn\u00e1 \u010d\u00e1st<\/strong><\/td>\n<td style=\"text-align: center;\"><strong>Praktick\u00e1 \u010d\u00e1st<\/strong><\/td>\n<td style=\"text-align: center;\"><strong>\u00dastn\u00ed \u010d\u00e1st<\/strong><\/td>\n<\/tr>\n<tr>\n<td style=\"text-align: center;\">27. &#8211; 30. 5. 2025<\/td>\n<td style=\"text-align: center;\"><strong>2. 6. 2025<\/strong><\/td>\n<td style=\"text-align: center;\"><strong>3. &#8211; 12. 6. 2025<\/strong><\/td>\n<td style=\"text-align: center;\"><strong>19. 6. 2025<\/strong><\/td>\n<\/tr>\n<tr>\n<td style=\"text-align: center;\"><\/td>\n<td style=\"text-align: center;\">od 8:00 hod.<\/td>\n<td style=\"text-align: center;\">Rozpis pro jazyky <strong>3.6.<\/strong> a <strong>4.6.<\/strong><br \/>\n<span style=\"color: #0000ff;\">D\u00e1le dle harmonogramu pracovi\u0161\u0165 OV<\/span><\/td>\n<td style=\"text-align: center;\">Rozpis:<br \/>\n<a href=\"https:\/\/hotel-school.eu\/wp-content\/uploads\/2025\/06\/Ku-19_06_2025.pdf\" target=\"_blank\" rel=\"noopener\"><strong><u>Kucha\u0159i<\/u><\/strong><\/a> a <a href=\"https:\/\/hotel-school.eu\/wp-content\/uploads\/2025\/06\/Ci-19_06_2025.pdf\" target=\"_blank\" rel=\"noopener\"><strong><u>\u010c\u00ed\u0161n\u00edci<\/u><\/strong><\/a><\/td>\n<\/tr>\n<\/tbody>\n<\/table>\n<p style=\"text-align: center;\"><a href=\"https:\/\/hotel-school.eu\/wp-content\/uploads\/2025\/05\/Jmenovani-komisi-ZZ-JARO-2025-V2.pdf\" target=\"_blank\" rel=\"noopener\"><span style=\"color: #0000ff;\"><strong>Jmenov\u00e1n\u00ed zku\u0161ebn\u00ed komise<\/strong><\/span><\/a><\/p>\n<h2 style=\"text-align: center;\">Opravn\u00fd term\u00edn &#8211; PODZIM 2025<\/h2>\n<table border=\"2\" width=\"80%\" align=\"center\">\n<tbody>\n<tr>\n<td align=\"left\">Z\u00e1\u0159\u00ed 2025<\/td>\n<td><\/td>\n<td><\/td>\n<\/tr>\n<tr>\n<td style=\"text-align: center;\">P\u00edsemn\u00e1 \u010d\u00e1st<\/td>\n<td style=\"text-align: center;\">Praktick\u00e1 \u010d\u00e1st<\/td>\n<td style=\"text-align: center;\">\u00dastn\u00ed \u010d\u00e1st<\/td>\n<\/tr>\n<tr>\n<td style=\"text-align: center;\">2. z\u00e1\u0159\u00ed 2025<\/td>\n<td style=\"text-align: center;\">3. &#8211; 5. z\u00e1\u0159\u00ed 2025<\/td>\n<td style=\"text-align: center;\">12. z\u00e1\u0159\u00ed 2025<\/td>\n<\/tr>\n<tr>\n<td style=\"text-align: center;\">od 8:00 hod. (Po\u0161tovn\u00ed ul.)<\/td>\n<td style=\"text-align: center;\">Harmonogram bude up\u0159esn\u011bn<\/td>\n<td style=\"text-align: center;\">od 14:00 hod. (Po\u0161tovn\u00ed ul.)<\/td>\n<\/tr>\n<\/tbody>\n<\/table>\n<p style=\"text-align: center;\"><a href=\"https:\/\/hotel-school.eu\/wp-content\/uploads\/2025\/07\/Jmenovani-komisi-ZZ-PODZIM-2025.pdf\" target=\"_blank\" rel=\"noopener\"><span style=\"color: #0000ff;\"><strong>Jmenov\u00e1n\u00ed zku\u0161ebn\u00ed komise<\/strong><\/span><\/a><\/p>\n<h2 style=\"text-align: center;\">Opravn\u00fd term\u00edn &#8211; ZIMA 2024<\/h2>\n<table border=\"2\" width=\"80%\" align=\"center\">\n<tbody>\n<tr>\n<td align=\"left\"><\/td>\n<td><\/td>\n<td><\/td>\n<\/tr>\n<tr>\n<td style=\"text-align: center;\"><\/td>\n<td style=\"text-align: center;\"><\/td>\n<td style=\"text-align: center;\"><\/td>\n<\/tr>\n<tr>\n<td style=\"text-align: center;\"><\/td>\n<td style=\"text-align: center;\"><\/td>\n<td style=\"text-align: center;\"><\/td>\n<\/tr>\n<tr>\n<td style=\"text-align: center;\"><\/td>\n<td style=\"text-align: center;\"><\/td>\n<td style=\"text-align: center;\"><\/td>\n<\/tr>\n<\/tbody>\n<\/table>\n<h2><\/h2>\n<\/div><div class=\"fusion-separator fusion-full-width-sep\" style=\"align-self: center;margin-left: auto;margin-right: auto;margin-top:50px;width:100%;\"><\/div><div class=\"fusion-text fusion-text-3\"><p class=\"p1\" align=\"center\"><strong><a href=\"https:\/\/www.hotelovaskola.cz\/dokumenty\/M2025\/ZZ-SOP-2025-Ku.pdf\" target=\"_blank\" rel=\"noopener\">T\u00e9mata SOP pro obor KUCHA\u0158, KUCHA\u0158KA<\/a><\/strong><\/p>\n<p class=\"p1\" align=\"center\"><strong><a href=\"https:\/\/www.hotelovaskola.cz\/dokumenty\/M2025\/ZZ-SOP-2025-Ci.pdf\" target=\"_blank\" rel=\"noopener\">T\u00e9mata SOP pro obor \u010c\u00cd\u0160N\u00cdK, SERV\u00cdRKA<\/a><\/strong><\/p>\n<p class=\"p1\" align=\"center\"><a href=\"https:\/\/www.hotelovaskola.cz\/dokumenty\/M2025\/ZZ-Pokyny-SOP-Ku.pdf\" target=\"_blank\" rel=\"noopener\"><strong>Pokyny pro obor KUCHA\u0158, KUCHA\u0158KA<\/strong><\/a><\/p>\n<p class=\"p1\" align=\"center\"><a href=\"https:\/\/www.hotelovaskola.cz\/dokumenty\/M2025\/ZZ-Pokyny-SOP-Ci.pdf\" target=\"_blank\" rel=\"noopener\"><strong>Pokyny pro obor \u010c\u00cd\u0160N\u00cdK, SERV\u00cdRKA<\/strong><\/a><\/p>\n<p align=\"center\"><strong><a href=\"https:\/\/www.hotelovaskola.cz\/dokumenty\/M2025\/ZZ-Informace-SOP.pdf\" target=\"_blank\" rel=\"noopener\">Dal\u0161\u00ed informace k SOP<\/a><\/strong><\/p>\n<\/div><div class=\"fusion-text fusion-text-4\"><hr \/>\n<p style=\"text-align: center;\"><strong><a href=\"https:\/\/zkouska.cermat.cz\/files\/files\/OZSP\/OTAZKY_ZE_SVETA_PRACE_PRO_OBORY_VZDELANI_KATEGORIE_H.pdf\" target=\"_blank\" rel=\"noopener\">Ot\u00e1zky ze sv\u011bta pr\u00e1ce<\/a> <\/strong><em>(pro \u00fastn\u00ed \u010d\u00e1st)<\/em><\/p>\n<\/div><div class=\"fusion-separator fusion-full-width-sep\" style=\"align-self: center;margin-left: auto;margin-right: auto;width:100%;\"><div class=\"fusion-separator-border sep-double sep-solid\" style=\"border-color:#e7e4e2;border-top-width:1px;border-bottom-width:1px;\"><\/div><\/div><div class=\"fusion-text fusion-text-5\"><p style=\"text-align: center;\"><a href=\"https:\/\/drive.google.com\/drive\/folders\/11g7jrqq5Fmy6Z3Q6ij4KymU0m6C8_xnQ?usp=sharing\" target=\"_blank\" rel=\"noopener\"><strong>Europassy ke sta\u017een\u00ed<\/strong> <\/a><a href=\"https:\/\/drive.google.com\/drive\/folders\/11g7jrqq5Fmy6Z3Q6ij4KymU0m6C8_xnQ?usp=sharing\" target=\"_blank\" rel=\"noopener\"><img decoding=\"async\" class=\"aligncenter wp-image-2939 size-full\" src=\"https:\/\/hotel-school.eu\/wp-content\/uploads\/2023\/02\/doc-header2.png\" alt=\"\" width=\"30\" height=\"32\" \/><\/a><\/p>\n<p style=\"text-align: center;\"><a href=\"https:\/\/hotel-school.eu\/wp-content\/uploads\/2023\/02\/infografika_dodatek.png\" target=\"_blank\" rel=\"noopener\">k \u010demu je to dobr\u00e9<\/a><\/p>\n<\/div><\/div><style type=\"text\/css\">.fusion-body .fusion-builder-column-0{width:100% !important;margin-top : 0px;margin-bottom : 0px;}.fusion-builder-column-0 > .fusion-column-wrapper {padding-top : 0px !important;padding-right : 0px !important;margin-right : 1.92%;padding-bottom : 0px !important;padding-left : 0px !important;margin-left : 1.92%;}@media only screen and (max-width:1024px) {.fusion-body .fusion-builder-column-0{width:100% !important;}.fusion-builder-column-0 > .fusion-column-wrapper {margin-right : 1.92%;margin-left : 1.92%;}}@media only screen and (max-width:640px) {.fusion-body .fusion-builder-column-0{width:100% !important;}.fusion-builder-column-0 > .fusion-column-wrapper {margin-right : 1.92%;margin-left : 1.92%;}}<\/style><\/div><\/div><style type=\"text\/css\">.fusion-body .fusion-flex-container.fusion-builder-row-1{ padding-top : 0px;margin-top : 0px;padding-right : 0px;padding-bottom : 0px;margin-bottom : 0px;padding-left : 0px;}<\/style><\/div>\n","protected":false},"excerpt":{"rendered":"","protected":false},"author":3,"featured_media":0,"parent":0,"menu_order":0,"comment_status":"closed","ping_status":"closed","template":"","meta":{"footnotes":""},"class_list":["post-4080","page","type-page","status-publish","hentry"],"_links":{"self":[{"href":"https:\/\/hotel-school.eu\/wp-index.php\/wp-json\/wp\/v2\/pages\/4080","targetHints":{"allow":["GET"]}}],"collection":[{"href":"https:\/\/hotel-school.eu\/wp-index.php\/wp-json\/wp\/v2\/pages"}],"about":[{"href":"https:\/\/hotel-school.eu\/wp-index.php\/wp-json\/wp\/v2\/types\/page"}],"author":[{"embeddable":true,"href":"https:\/\/hotel-school.eu\/wp-index.php\/wp-json\/wp\/v2\/users\/3"}],"replies":[{"embeddable":true,"href":"https:\/\/hotel-school.eu\/wp-index.php\/wp-json\/wp\/v2\/comments?post=4080"}],"version-history":[{"count":13,"href":"https:\/\/hotel-school.eu\/wp-index.php\/wp-json\/wp\/v2\/pages\/4080\/revisions"}],"predecessor-version":[{"id":4240,"href":"https:\/\/hotel-school.eu\/wp-index.php\/wp-json\/wp\/v2\/pages\/4080\/revisions\/4240"}],"wp:attachment":[{"href":"https:\/\/hotel-school.eu\/wp-index.php\/wp-json\/wp\/v2\/media?parent=4080"}],"curies":[{"name":"wp","href":"https:\/\/api.w.org\/{rel}","templated":true}]}}