{"id":4263,"date":"2025-08-19T08:43:31","date_gmt":"2025-08-19T07:43:31","guid":{"rendered":"https:\/\/hotel-school.eu\/wp-index.php\/?page_id=4263"},"modified":"2025-08-19T08:43:42","modified_gmt":"2025-08-19T07:43:42","slug":"isic","status":"publish","type":"page","link":"https:\/\/hotel-school.eu\/wp-index.php\/isic\/","title":{"rendered":"ISIC"},"content":{"rendered":"<div class=\"fusion-fullwidth fullwidth-box fusion-builder-row-1 fusion-flex-container nonhundred-percent-fullwidth non-hundred-percent-height-scrolling\" style=\"background-color: rgba(255,255,255,0);background-position: center center;background-repeat: no-repeat;border-width: 0px 0px 0px 0px;border-color:#e7e4e2;border-style:solid;\" ><div class=\"fusion-builder-row fusion-row fusion-flex-align-items-flex-start\" style=\"max-width:1331.2px;margin-left: calc(-4% \/ 2 );margin-right: calc(-4% \/ 2 );\"><div class=\"fusion-layout-column fusion_builder_column fusion-builder-column-0 fusion_builder_column_1_1 1_1 fusion-flex-column\"><div class=\"fusion-column-wrapper fusion-flex-justify-content-flex-start fusion-content-layout-column\" style=\"background-position:left top;background-repeat:no-repeat;-webkit-background-size:cover;-moz-background-size:cover;-o-background-size:cover;background-size:cover;padding: 0px 0px 0px 0px;\"><div style=\"text-align:center;\"><span class=\" fusion-imageframe imageframe-none imageframe-1 hover-type-none\"><img decoding=\"async\" width=\"210\" height=\"89\" title=\"ISIC\" src=\"https:\/\/hotel-school.eu\/wp-content\/uploads\/2025\/08\/ISIC.jpg\" alt class=\"img-responsive wp-image-4266\" srcset=\"https:\/\/hotel-school.eu\/wp-content\/uploads\/2025\/08\/ISIC-200x85.jpg 200w, https:\/\/hotel-school.eu\/wp-content\/uploads\/2025\/08\/ISIC.jpg 210w\" sizes=\"(max-width: 1024px) 100vw, (max-width: 640px) 100vw, 210px\" \/><\/span><\/div><div class=\"fusion-text fusion-text-1\"><h3 style=\"text-align: center;\"><a href=\"https:\/\/hotel-school.eu\/wp-content\/uploads\/2025\/08\/Pruvodni-dopis.pdf\" target=\"_blank\" rel=\"noopener\"><span style=\"color: #0000ff;\"><strong><u>Informace pro \u017e\u00e1ky o kart\u00e1ch ISIC<\/u><\/strong><\/span><\/a><\/h3>\n<h3 style=\"text-align: center;\"><a href=\"https:\/\/hotel-school.eu\/wp-content\/uploads\/2025\/08\/2025_Zadost-ISIC_EDIT.pdf\" target=\"_blank\" rel=\"noopener\"><span style=\"color: #0000ff;\"><strong><u>\u017d\u00e1dost o vystaven\u00ed pr\u016fkazu<\/u><\/strong><\/span><\/a><\/h3>\n<h3 style=\"text-align: center;\"><a href=\"https:\/\/hotel-school.eu\/wp-content\/uploads\/2025\/08\/Alive-App-ISIC_web.jpg\" target=\"_blank\" rel=\"noopener\"><span style=\"color: #0000ff;\"><strong><u>N\u011bco o aplikaci Alive App<\/u><\/strong><\/span><\/a><\/h3>\n<\/div><\/div><style type=\"text\/css\">.fusion-body .fusion-builder-column-0{width:100% !important;margin-top : 10px;margin-bottom : 10px;}.fusion-builder-column-0 > .fusion-column-wrapper {padding-top : 0px !important;padding-right : 0px !important;margin-right : 1.92%;padding-bottom : 0px !important;padding-left : 0px !important;margin-left : 1.92%;}@media only screen and (max-width:1024px) {.fusion-body .fusion-builder-column-0{width:100% !important;order : 0;}.fusion-builder-column-0 > .fusion-column-wrapper {margin-right : 1.92%;margin-left : 1.92%;}}@media only screen and (max-width:640px) {.fusion-body .fusion-builder-column-0{width:100% !important;order : 0;}.fusion-builder-column-0 > .fusion-column-wrapper {margin-right : 1.92%;margin-left : 1.92%;}}<\/style><\/div><\/div><style type=\"text\/css\">.fusion-body .fusion-flex-container.fusion-builder-row-1{ padding-top : 0px;margin-top : 0px;padding-right : 0px;padding-bottom : 0px;margin-bottom : 0px;padding-left : 0px;}<\/style><\/div>\n","protected":false},"excerpt":{"rendered":"","protected":false},"author":3,"featured_media":0,"parent":0,"menu_order":0,"comment_status":"closed","ping_status":"closed","template":"","meta":{"footnotes":""},"class_list":["post-4263","page","type-page","status-publish","hentry"],"_links":{"self":[{"href":"https:\/\/hotel-school.eu\/wp-index.php\/wp-json\/wp\/v2\/pages\/4263","targetHints":{"allow":["GET"]}}],"collection":[{"href":"https:\/\/hotel-school.eu\/wp-index.php\/wp-json\/wp\/v2\/pages"}],"about":[{"href":"https:\/\/hotel-school.eu\/wp-index.php\/wp-json\/wp\/v2\/types\/page"}],"author":[{"embeddable":true,"href":"https:\/\/hotel-school.eu\/wp-index.php\/wp-json\/wp\/v2\/users\/3"}],"replies":[{"embeddable":true,"href":"https:\/\/hotel-school.eu\/wp-index.php\/wp-json\/wp\/v2\/comments?post=4263"}],"version-history":[{"count":5,"href":"https:\/\/hotel-school.eu\/wp-index.php\/wp-json\/wp\/v2\/pages\/4263\/revisions"}],"predecessor-version":[{"id":4272,"href":"https:\/\/hotel-school.eu\/wp-index.php\/wp-json\/wp\/v2\/pages\/4263\/revisions\/4272"}],"wp:attachment":[{"href":"https:\/\/hotel-school.eu\/wp-index.php\/wp-json\/wp\/v2\/media?parent=4263"}],"curies":[{"name":"wp","href":"https:\/\/api.w.org\/{rel}","templated":true}]}}